

{"id":17487,"date":"2020-12-08T04:20:41","date_gmt":"2020-12-08T09:20:41","guid":{"rendered":"https:\/\/www.estime-et-sens.fr\/produit\/gommage-eclat-immediat\/"},"modified":"2025-11-24T21:16:14","modified_gmt":"2025-11-24T20:16:14","slug":"instant-radiance-scrub","status":"publish","type":"product","link":"https:\/\/estime-et-sens.naracreative.com\/en\/produit\/instant-radiance-scrub\/","title":{"rendered":"INSTANT RADIANCE SCRUB"},"content":{"rendered":"","protected":false},"excerpt":{"rendered":"<p><strong>99% OF TOTAL INGREDIENTS ARE FROM NATURAL ORIGIN &amp; 17% ARE FROM ORGANIC FARMING<\/strong><\/p>\n<p>What if the instant radiance scrub became your first mechanical anti-wrinkle weapon?<\/p>\n<p>This organic scrub is the essential ally for a healthy face. With it, the skin becomes luminous, soft and clear. Thanks to the complementary nature of its three types of grain, it exfoliates, unclogs and refines the skin texture in a single step.<\/p>\n<p>This organic face care product contains all the moisturising and softening properties of organic aloe vera as well as the anti-aging and unifying properties of musk rose oil.<\/p>\n<p>It is suitable for all skin types except sensitive skin or skin with acne.<\/p>\n<p>50 ml size<\/p>\n","protected":false},"featured_media":19628,"comment_status":"open","ping_status":"closed","template":"","meta":{"_acf_changed":false},"product_brand":[],"product_cat":[156,157,160],"product_tag":[],"class_list":{"0":"post-17487","1":"product","2":"type-product","3":"status-publish","4":"has-post-thumbnail","6":"product_cat-face","7":"product_cat-cleansers-make-up-removers","8":"product_cat-scrubs-and-masks","9":"cat-gamme-fresh-beauty","10":"cat-gamme-exfoliates","11":"cat-gamme-anti-free-radical-en","13":"cat-gamme-illuminates-en-4","14":"cat-certification-eco-cert","15":"product-cat-preoccupation-anti-age-wrinkles-firmness-pigmentation-spots","16":"product-cat-preoccupation-fatigue-radiance-energy","17":"product-cat-preoccupation-dry-skin-tightness","19":"first","20":"instock","21":"taxable","22":"shipping-taxable","23":"purchasable","24":"product-type-simple"},"acf":[],"yoast_head":"<!-- This site is optimized with the Yoast SEO plugin v27.4 - https:\/\/yoast.com\/product\/yoast-seo-wordpress\/ -->\n<title>Gommage visage certifi\u00e9 bio \u00e9clat imm\u00e9diat - Estime et Sens<\/title>\n<meta name=\"description\" content=\"Pamper your face with the organic scrub with the moisturizing and softening properties of organic aloe vera. It evens out the complexion and refines the skin texture.\" \/>\n<meta name=\"robots\" content=\"noindex, follow, max-snippet:-1, max-image-preview:large, max-video-preview:-1\" \/>\n<meta property=\"og:locale\" content=\"en_GB\" \/>\n<meta property=\"og:type\" content=\"article\" \/>\n<meta property=\"og:title\" content=\"Gommage visage certifi\u00e9 bio \u00e9clat imm\u00e9diat - Estime et Sens\" \/>\n<meta property=\"og:description\" content=\"Pamper your face with the organic scrub with the moisturizing and softening properties of organic aloe vera. It evens out the complexion and refines the skin texture.\" \/>\n<meta property=\"og:url\" content=\"https:\/\/estime-et-sens.naracreative.com\/en\/produit\/instant-radiance-scrub\/\" \/>\n<meta property=\"og:site_name\" content=\"Estime et sens\" \/>\n<meta property=\"article:modified_time\" content=\"2025-11-24T20:16:14+00:00\" \/>\n<meta property=\"og:image\" content=\"https:\/\/estime-et-sens.naracreative.com\/wp-content\/uploads\/estimeetsens-visage-tube-gommageeclatimmediat-gommagevisagebio-1.jpg\" \/>\n\t<meta property=\"og:image:width\" content=\"1080\" \/>\n\t<meta property=\"og:image:height\" content=\"1080\" \/>\n\t<meta property=\"og:image:type\" content=\"image\/jpeg\" \/>\n<meta name=\"twitter:card\" content=\"summary_large_image\" \/>\n<script type=\"application\/ld+json\" class=\"yoast-schema-graph\">{\"@context\":\"https:\\\/\\\/schema.org\",\"@graph\":[{\"@type\":\"WebPage\",\"@id\":\"https:\\\/\\\/estime-et-sens.naracreative.com\\\/en\\\/produit\\\/instant-radiance-scrub\\\/\",\"url\":\"https:\\\/\\\/estime-et-sens.naracreative.com\\\/en\\\/produit\\\/instant-radiance-scrub\\\/\",\"name\":\"Gommage visage certifi\u00e9 bio \u00e9clat imm\u00e9diat - Estime et Sens\",\"isPartOf\":{\"@id\":\"https:\\\/\\\/estime-et-sens.naracreative.com\\\/en\\\/#website\"},\"primaryImageOfPage\":{\"@id\":\"https:\\\/\\\/estime-et-sens.naracreative.com\\\/en\\\/produit\\\/instant-radiance-scrub\\\/#primaryimage\"},\"image\":{\"@id\":\"https:\\\/\\\/estime-et-sens.naracreative.com\\\/en\\\/produit\\\/instant-radiance-scrub\\\/#primaryimage\"},\"thumbnailUrl\":\"https:\\\/\\\/estime-et-sens.naracreative.com\\\/wp-content\\\/uploads\\\/estimeetsens-visage-tube-gommageeclatimmediat-gommagevisagebio-1.jpg\",\"datePublished\":\"2020-12-08T09:20:41+00:00\",\"dateModified\":\"2025-11-24T20:16:14+00:00\",\"description\":\"Pamper your face with the organic scrub with the moisturizing and softening properties of organic aloe vera. It evens out the complexion and refines the skin texture.\",\"breadcrumb\":{\"@id\":\"https:\\\/\\\/estime-et-sens.naracreative.com\\\/en\\\/produit\\\/instant-radiance-scrub\\\/#breadcrumb\"},\"inLanguage\":\"en-GB\",\"potentialAction\":[{\"@type\":\"ReadAction\",\"target\":[\"https:\\\/\\\/estime-et-sens.naracreative.com\\\/en\\\/produit\\\/instant-radiance-scrub\\\/\"]}]},{\"@type\":\"ImageObject\",\"inLanguage\":\"en-GB\",\"@id\":\"https:\\\/\\\/estime-et-sens.naracreative.com\\\/en\\\/produit\\\/instant-radiance-scrub\\\/#primaryimage\",\"url\":\"https:\\\/\\\/estime-et-sens.naracreative.com\\\/wp-content\\\/uploads\\\/estimeetsens-visage-tube-gommageeclatimmediat-gommagevisagebio-1.jpg\",\"contentUrl\":\"https:\\\/\\\/estime-et-sens.naracreative.com\\\/wp-content\\\/uploads\\\/estimeetsens-visage-tube-gommageeclatimmediat-gommagevisagebio-1.jpg\",\"width\":1080,\"height\":1080,\"caption\":\"Estime et Sens gommage visage bio\"},{\"@type\":\"BreadcrumbList\",\"@id\":\"https:\\\/\\\/estime-et-sens.naracreative.com\\\/en\\\/produit\\\/instant-radiance-scrub\\\/#breadcrumb\",\"itemListElement\":[{\"@type\":\"ListItem\",\"position\":1,\"name\":\"Accueil\",\"item\":\"https:\\\/\\\/estime-et-sens.naracreative.com\\\/en\\\/\"},{\"@type\":\"ListItem\",\"position\":2,\"name\":\"Nos Produits\",\"item\":\"https:\\\/\\\/estime-et-sens.naracreative.com\\\/nos-produits\\\/\"},{\"@type\":\"ListItem\",\"position\":3,\"name\":\"INSTANT RADIANCE SCRUB\"}]},{\"@type\":\"WebSite\",\"@id\":\"https:\\\/\\\/estime-et-sens.naracreative.com\\\/en\\\/#website\",\"url\":\"https:\\\/\\\/estime-et-sens.naracreative.com\\\/en\\\/\",\"name\":\"Estime et sens\",\"description\":\"Cosmetiques BIO\",\"publisher\":{\"@id\":\"https:\\\/\\\/estime-et-sens.naracreative.com\\\/en\\\/#organization\"},\"potentialAction\":[{\"@type\":\"SearchAction\",\"target\":{\"@type\":\"EntryPoint\",\"urlTemplate\":\"https:\\\/\\\/estime-et-sens.naracreative.com\\\/en\\\/?s={search_term_string}\"},\"query-input\":{\"@type\":\"PropertyValueSpecification\",\"valueRequired\":true,\"valueName\":\"search_term_string\"}}],\"inLanguage\":\"en-GB\"},{\"@type\":\"Organization\",\"@id\":\"https:\\\/\\\/estime-et-sens.naracreative.com\\\/en\\\/#organization\",\"name\":\"Estime et Sens - Soins bio-experts fran\u00e7ais\",\"url\":\"https:\\\/\\\/estime-et-sens.naracreative.com\\\/en\\\/\",\"logo\":{\"@type\":\"ImageObject\",\"inLanguage\":\"en-GB\",\"@id\":\"https:\\\/\\\/estime-et-sens.naracreative.com\\\/en\\\/#\\\/schema\\\/logo\\\/image\\\/\",\"url\":\"https:\\\/\\\/estime-et-sens.naracreative.com\\\/wp-content\\\/uploads\\\/logo_Estime-et-sens.svg\",\"contentUrl\":\"https:\\\/\\\/estime-et-sens.naracreative.com\\\/wp-content\\\/uploads\\\/logo_Estime-et-sens.svg\",\"width\":211,\"height\":188,\"caption\":\"Estime et Sens - Soins bio-experts fran\u00e7ais\"},\"image\":{\"@id\":\"https:\\\/\\\/estime-et-sens.naracreative.com\\\/en\\\/#\\\/schema\\\/logo\\\/image\\\/\"}}]}<\/script>\n<!-- \/ Yoast SEO plugin. -->","yoast_head_json":{"title":"Gommage visage certifi\u00e9 bio \u00e9clat imm\u00e9diat - Estime et Sens","description":"Pamper your face with the organic scrub with the moisturizing and softening properties of organic aloe vera. It evens out the complexion and refines the skin texture.","robots":{"index":"noindex","follow":"follow","max-snippet":"max-snippet:-1","max-image-preview":"max-image-preview:large","max-video-preview":"max-video-preview:-1"},"og_locale":"en_GB","og_type":"article","og_title":"Gommage visage certifi\u00e9 bio \u00e9clat imm\u00e9diat - Estime et Sens","og_description":"Pamper your face with the organic scrub with the moisturizing and softening properties of organic aloe vera. It evens out the complexion and refines the skin texture.","og_url":"https:\/\/estime-et-sens.naracreative.com\/en\/produit\/instant-radiance-scrub\/","og_site_name":"Estime et sens","article_modified_time":"2025-11-24T20:16:14+00:00","og_image":[{"width":1080,"height":1080,"url":"https:\/\/estime-et-sens.naracreative.com\/wp-content\/uploads\/estimeetsens-visage-tube-gommageeclatimmediat-gommagevisagebio-1.jpg","type":"image\/jpeg"}],"twitter_card":"summary_large_image","schema":{"@context":"https:\/\/schema.org","@graph":[{"@type":"WebPage","@id":"https:\/\/estime-et-sens.naracreative.com\/en\/produit\/instant-radiance-scrub\/","url":"https:\/\/estime-et-sens.naracreative.com\/en\/produit\/instant-radiance-scrub\/","name":"Gommage visage certifi\u00e9 bio \u00e9clat imm\u00e9diat - Estime et Sens","isPartOf":{"@id":"https:\/\/estime-et-sens.naracreative.com\/en\/#website"},"primaryImageOfPage":{"@id":"https:\/\/estime-et-sens.naracreative.com\/en\/produit\/instant-radiance-scrub\/#primaryimage"},"image":{"@id":"https:\/\/estime-et-sens.naracreative.com\/en\/produit\/instant-radiance-scrub\/#primaryimage"},"thumbnailUrl":"https:\/\/estime-et-sens.naracreative.com\/wp-content\/uploads\/estimeetsens-visage-tube-gommageeclatimmediat-gommagevisagebio-1.jpg","datePublished":"2020-12-08T09:20:41+00:00","dateModified":"2025-11-24T20:16:14+00:00","description":"Pamper your face with the organic scrub with the moisturizing and softening properties of organic aloe vera. It evens out the complexion and refines the skin texture.","breadcrumb":{"@id":"https:\/\/estime-et-sens.naracreative.com\/en\/produit\/instant-radiance-scrub\/#breadcrumb"},"inLanguage":"en-GB","potentialAction":[{"@type":"ReadAction","target":["https:\/\/estime-et-sens.naracreative.com\/en\/produit\/instant-radiance-scrub\/"]}]},{"@type":"ImageObject","inLanguage":"en-GB","@id":"https:\/\/estime-et-sens.naracreative.com\/en\/produit\/instant-radiance-scrub\/#primaryimage","url":"https:\/\/estime-et-sens.naracreative.com\/wp-content\/uploads\/estimeetsens-visage-tube-gommageeclatimmediat-gommagevisagebio-1.jpg","contentUrl":"https:\/\/estime-et-sens.naracreative.com\/wp-content\/uploads\/estimeetsens-visage-tube-gommageeclatimmediat-gommagevisagebio-1.jpg","width":1080,"height":1080,"caption":"Estime et Sens gommage visage bio"},{"@type":"BreadcrumbList","@id":"https:\/\/estime-et-sens.naracreative.com\/en\/produit\/instant-radiance-scrub\/#breadcrumb","itemListElement":[{"@type":"ListItem","position":1,"name":"Accueil","item":"https:\/\/estime-et-sens.naracreative.com\/en\/"},{"@type":"ListItem","position":2,"name":"Nos Produits","item":"https:\/\/estime-et-sens.naracreative.com\/nos-produits\/"},{"@type":"ListItem","position":3,"name":"INSTANT RADIANCE SCRUB"}]},{"@type":"WebSite","@id":"https:\/\/estime-et-sens.naracreative.com\/en\/#website","url":"https:\/\/estime-et-sens.naracreative.com\/en\/","name":"Estime et sens","description":"Cosmetiques BIO","publisher":{"@id":"https:\/\/estime-et-sens.naracreative.com\/en\/#organization"},"potentialAction":[{"@type":"SearchAction","target":{"@type":"EntryPoint","urlTemplate":"https:\/\/estime-et-sens.naracreative.com\/en\/?s={search_term_string}"},"query-input":{"@type":"PropertyValueSpecification","valueRequired":true,"valueName":"search_term_string"}}],"inLanguage":"en-GB"},{"@type":"Organization","@id":"https:\/\/estime-et-sens.naracreative.com\/en\/#organization","name":"Estime et Sens - Soins bio-experts fran\u00e7ais","url":"https:\/\/estime-et-sens.naracreative.com\/en\/","logo":{"@type":"ImageObject","inLanguage":"en-GB","@id":"https:\/\/estime-et-sens.naracreative.com\/en\/#\/schema\/logo\/image\/","url":"https:\/\/estime-et-sens.naracreative.com\/wp-content\/uploads\/logo_Estime-et-sens.svg","contentUrl":"https:\/\/estime-et-sens.naracreative.com\/wp-content\/uploads\/logo_Estime-et-sens.svg","width":211,"height":188,"caption":"Estime et Sens - Soins bio-experts fran\u00e7ais"},"image":{"@id":"https:\/\/estime-et-sens.naracreative.com\/en\/#\/schema\/logo\/image\/"}}]}},"_links":{"self":[{"href":"https:\/\/estime-et-sens.naracreative.com\/en\/wp-json\/wp\/v2\/product\/17487","targetHints":{"allow":["GET"]}}],"collection":[{"href":"https:\/\/estime-et-sens.naracreative.com\/en\/wp-json\/wp\/v2\/product"}],"about":[{"href":"https:\/\/estime-et-sens.naracreative.com\/en\/wp-json\/wp\/v2\/types\/product"}],"replies":[{"embeddable":true,"href":"https:\/\/estime-et-sens.naracreative.com\/en\/wp-json\/wp\/v2\/comments?post=17487"}],"wp:featuredmedia":[{"embeddable":true,"href":"https:\/\/estime-et-sens.naracreative.com\/en\/wp-json\/wp\/v2\/media\/19628"}],"wp:attachment":[{"href":"https:\/\/estime-et-sens.naracreative.com\/en\/wp-json\/wp\/v2\/media?parent=17487"}],"wp:term":[{"taxonomy":"product_brand","embeddable":true,"href":"https:\/\/estime-et-sens.naracreative.com\/en\/wp-json\/wp\/v2\/product_brand?post=17487"},{"taxonomy":"product_cat","embeddable":true,"href":"https:\/\/estime-et-sens.naracreative.com\/en\/wp-json\/wp\/v2\/product_cat?post=17487"},{"taxonomy":"product_tag","embeddable":true,"href":"https:\/\/estime-et-sens.naracreative.com\/en\/wp-json\/wp\/v2\/product_tag?post=17487"}],"curies":[{"name":"wp","href":"https:\/\/api.w.org\/{rel}","templated":true}]}}