

{"id":17559,"date":"2020-12-08T04:20:36","date_gmt":"2020-12-08T09:20:36","guid":{"rendered":"https:\/\/www.estime-et-sens.fr\/produit\/creme-velours\/"},"modified":"2025-11-24T21:16:23","modified_gmt":"2025-11-24T20:16:23","slug":"velvety-cream","status":"publish","type":"product","link":"https:\/\/estime-et-sens.naracreative.com\/en\/produit\/velvety-cream\/","title":{"rendered":"VELVETY CREAM"},"content":{"rendered":"","protected":false},"excerpt":{"rendered":"<p><strong>99% OF TOTAL INGREDIENTS ARE FROM NATURAL ORIGIN &amp; 21% ARE FROM ORGANIC FARMING<\/strong><\/p>\n<p>Looking for radiance, moisture and softness? Look no further, Velvety Cream is the product that you need! This organic moisturising cream provides an instant repair effect for sensitive, irritated, damaged and\/or dehydrated skin.<\/p>\n<p>Acting as a real organic face care, it helps your skin to regain suppleness and comfort. Particularly suitable for weakened skin, organic sesame oil brings suppleness and hydration to the upper layers of your epidermis.<\/p>\n<p>Its powerful anti-free radical action helps to maintain the youthfulness of your face. You will be won over from the very first application!<br \/>\nThe jar of the velvety anti-aging cream is refillable: a small gesture for a great cause!<\/p>\n<p>50ml size &#8211; Also available in refill and 30ml size<\/p>\n","protected":false},"featured_media":19695,"comment_status":"open","ping_status":"closed","template":"","meta":{"_acf_changed":false},"product_brand":[],"product_cat":[156,159],"product_tag":[],"class_list":{"0":"post-17559","1":"product","2":"type-product","3":"status-publish","4":"has-post-thumbnail","6":"product_cat-face","7":"product_cat-day-and-night-care","8":"cat-gamme-comforting-and-soothing","9":"cat-gamme-soothes","10":"cat-gamme-nourishes","11":"cat-gamme-repairs","12":"cat-certification-eco-cert","13":"product-cat-preoccupation-dehydration","14":"product-cat-preoccupation-redness-skin-sensitivity","15":"product-cat-preoccupation-dry-skin-tightness","17":"first","18":"instock","19":"taxable","20":"shipping-taxable","21":"purchasable","22":"product-type-simple"},"acf":[],"yoast_head":"<!-- This site is optimized with the Yoast SEO plugin v27.4 - https:\/\/yoast.com\/product\/yoast-seo-wordpress\/ -->\n<title>Anti-aging organic velvety cream - Estime et Sens<\/title>\n<meta name=\"description\" content=\"Treat your face to the velvety moisturising, anti-aging, preventive and certified organic cream. The skin is soothed and regains its comfort.\" \/>\n<meta name=\"robots\" content=\"noindex, follow, max-snippet:-1, max-image-preview:large, max-video-preview:-1\" \/>\n<meta property=\"og:locale\" content=\"en_GB\" \/>\n<meta property=\"og:type\" content=\"article\" \/>\n<meta property=\"og:title\" content=\"Anti-aging organic velvety cream - Estime et Sens\" \/>\n<meta property=\"og:description\" content=\"Treat your face to the velvety moisturising, anti-aging, preventive and certified organic cream. The skin is soothed and regains its comfort.\" \/>\n<meta property=\"og:url\" content=\"https:\/\/estime-et-sens.naracreative.com\/en\/produit\/velvety-cream\/\" \/>\n<meta property=\"og:site_name\" content=\"Estime et sens\" \/>\n<meta property=\"article:modified_time\" content=\"2025-11-24T20:16:23+00:00\" \/>\n<meta property=\"og:image\" content=\"https:\/\/estime-et-sens.naracreative.com\/wp-content\/uploads\/estimeetsens-visage-pot50ml-cremevelours-cremehydratantebiopreventionantiage.png\" \/>\n\t<meta property=\"og:image:width\" content=\"1080\" \/>\n\t<meta property=\"og:image:height\" content=\"1080\" \/>\n\t<meta property=\"og:image:type\" content=\"image\/png\" \/>\n<meta name=\"twitter:card\" content=\"summary_large_image\" \/>\n<script type=\"application\/ld+json\" class=\"yoast-schema-graph\">{\"@context\":\"https:\\\/\\\/schema.org\",\"@graph\":[{\"@type\":\"WebPage\",\"@id\":\"https:\\\/\\\/estime-et-sens.naracreative.com\\\/en\\\/produit\\\/velvety-cream\\\/\",\"url\":\"https:\\\/\\\/estime-et-sens.naracreative.com\\\/en\\\/produit\\\/velvety-cream\\\/\",\"name\":\"Anti-aging organic velvety cream - Estime et Sens\",\"isPartOf\":{\"@id\":\"https:\\\/\\\/estime-et-sens.naracreative.com\\\/en\\\/#website\"},\"primaryImageOfPage\":{\"@id\":\"https:\\\/\\\/estime-et-sens.naracreative.com\\\/en\\\/produit\\\/velvety-cream\\\/#primaryimage\"},\"image\":{\"@id\":\"https:\\\/\\\/estime-et-sens.naracreative.com\\\/en\\\/produit\\\/velvety-cream\\\/#primaryimage\"},\"thumbnailUrl\":\"https:\\\/\\\/estime-et-sens.naracreative.com\\\/wp-content\\\/uploads\\\/estimeetsens-visage-pot50ml-cremevelours-cremehydratantebiopreventionantiage.png\",\"datePublished\":\"2020-12-08T09:20:36+00:00\",\"dateModified\":\"2025-11-24T20:16:23+00:00\",\"description\":\"Treat your face to the velvety moisturising, anti-aging, preventive and certified organic cream. The skin is soothed and regains its comfort.\",\"breadcrumb\":{\"@id\":\"https:\\\/\\\/estime-et-sens.naracreative.com\\\/en\\\/produit\\\/velvety-cream\\\/#breadcrumb\"},\"inLanguage\":\"en-GB\",\"potentialAction\":[{\"@type\":\"ReadAction\",\"target\":[\"https:\\\/\\\/estime-et-sens.naracreative.com\\\/en\\\/produit\\\/velvety-cream\\\/\"]}]},{\"@type\":\"ImageObject\",\"inLanguage\":\"en-GB\",\"@id\":\"https:\\\/\\\/estime-et-sens.naracreative.com\\\/en\\\/produit\\\/velvety-cream\\\/#primaryimage\",\"url\":\"https:\\\/\\\/estime-et-sens.naracreative.com\\\/wp-content\\\/uploads\\\/estimeetsens-visage-pot50ml-cremevelours-cremehydratantebiopreventionantiage.png\",\"contentUrl\":\"https:\\\/\\\/estime-et-sens.naracreative.com\\\/wp-content\\\/uploads\\\/estimeetsens-visage-pot50ml-cremevelours-cremehydratantebiopreventionantiage.png\",\"width\":1080,\"height\":1080,\"caption\":\"Estime et Sens cr\u00e8me hydratante bio pr\u00e9vention anti-\u00e2ge\"},{\"@type\":\"BreadcrumbList\",\"@id\":\"https:\\\/\\\/estime-et-sens.naracreative.com\\\/en\\\/produit\\\/velvety-cream\\\/#breadcrumb\",\"itemListElement\":[{\"@type\":\"ListItem\",\"position\":1,\"name\":\"Accueil\",\"item\":\"https:\\\/\\\/estime-et-sens.naracreative.com\\\/en\\\/\"},{\"@type\":\"ListItem\",\"position\":2,\"name\":\"Nos Produits\",\"item\":\"https:\\\/\\\/estime-et-sens.naracreative.com\\\/nos-produits\\\/\"},{\"@type\":\"ListItem\",\"position\":3,\"name\":\"VELVETY CREAM\"}]},{\"@type\":\"WebSite\",\"@id\":\"https:\\\/\\\/estime-et-sens.naracreative.com\\\/en\\\/#website\",\"url\":\"https:\\\/\\\/estime-et-sens.naracreative.com\\\/en\\\/\",\"name\":\"Estime et sens\",\"description\":\"Cosmetiques BIO\",\"publisher\":{\"@id\":\"https:\\\/\\\/estime-et-sens.naracreative.com\\\/en\\\/#organization\"},\"potentialAction\":[{\"@type\":\"SearchAction\",\"target\":{\"@type\":\"EntryPoint\",\"urlTemplate\":\"https:\\\/\\\/estime-et-sens.naracreative.com\\\/en\\\/?s={search_term_string}\"},\"query-input\":{\"@type\":\"PropertyValueSpecification\",\"valueRequired\":true,\"valueName\":\"search_term_string\"}}],\"inLanguage\":\"en-GB\"},{\"@type\":\"Organization\",\"@id\":\"https:\\\/\\\/estime-et-sens.naracreative.com\\\/en\\\/#organization\",\"name\":\"Estime et Sens - Soins bio-experts fran\u00e7ais\",\"url\":\"https:\\\/\\\/estime-et-sens.naracreative.com\\\/en\\\/\",\"logo\":{\"@type\":\"ImageObject\",\"inLanguage\":\"en-GB\",\"@id\":\"https:\\\/\\\/estime-et-sens.naracreative.com\\\/en\\\/#\\\/schema\\\/logo\\\/image\\\/\",\"url\":\"https:\\\/\\\/estime-et-sens.naracreative.com\\\/wp-content\\\/uploads\\\/logo_Estime-et-sens.svg\",\"contentUrl\":\"https:\\\/\\\/estime-et-sens.naracreative.com\\\/wp-content\\\/uploads\\\/logo_Estime-et-sens.svg\",\"width\":211,\"height\":188,\"caption\":\"Estime et Sens - Soins bio-experts fran\u00e7ais\"},\"image\":{\"@id\":\"https:\\\/\\\/estime-et-sens.naracreative.com\\\/en\\\/#\\\/schema\\\/logo\\\/image\\\/\"}}]}<\/script>\n<!-- \/ Yoast SEO plugin. -->","yoast_head_json":{"title":"Anti-aging organic velvety cream - Estime et Sens","description":"Treat your face to the velvety moisturising, anti-aging, preventive and certified organic cream. The skin is soothed and regains its comfort.","robots":{"index":"noindex","follow":"follow","max-snippet":"max-snippet:-1","max-image-preview":"max-image-preview:large","max-video-preview":"max-video-preview:-1"},"og_locale":"en_GB","og_type":"article","og_title":"Anti-aging organic velvety cream - Estime et Sens","og_description":"Treat your face to the velvety moisturising, anti-aging, preventive and certified organic cream. The skin is soothed and regains its comfort.","og_url":"https:\/\/estime-et-sens.naracreative.com\/en\/produit\/velvety-cream\/","og_site_name":"Estime et sens","article_modified_time":"2025-11-24T20:16:23+00:00","og_image":[{"width":1080,"height":1080,"url":"https:\/\/estime-et-sens.naracreative.com\/wp-content\/uploads\/estimeetsens-visage-pot50ml-cremevelours-cremehydratantebiopreventionantiage.png","type":"image\/png"}],"twitter_card":"summary_large_image","schema":{"@context":"https:\/\/schema.org","@graph":[{"@type":"WebPage","@id":"https:\/\/estime-et-sens.naracreative.com\/en\/produit\/velvety-cream\/","url":"https:\/\/estime-et-sens.naracreative.com\/en\/produit\/velvety-cream\/","name":"Anti-aging organic velvety cream - Estime et Sens","isPartOf":{"@id":"https:\/\/estime-et-sens.naracreative.com\/en\/#website"},"primaryImageOfPage":{"@id":"https:\/\/estime-et-sens.naracreative.com\/en\/produit\/velvety-cream\/#primaryimage"},"image":{"@id":"https:\/\/estime-et-sens.naracreative.com\/en\/produit\/velvety-cream\/#primaryimage"},"thumbnailUrl":"https:\/\/estime-et-sens.naracreative.com\/wp-content\/uploads\/estimeetsens-visage-pot50ml-cremevelours-cremehydratantebiopreventionantiage.png","datePublished":"2020-12-08T09:20:36+00:00","dateModified":"2025-11-24T20:16:23+00:00","description":"Treat your face to the velvety moisturising, anti-aging, preventive and certified organic cream. The skin is soothed and regains its comfort.","breadcrumb":{"@id":"https:\/\/estime-et-sens.naracreative.com\/en\/produit\/velvety-cream\/#breadcrumb"},"inLanguage":"en-GB","potentialAction":[{"@type":"ReadAction","target":["https:\/\/estime-et-sens.naracreative.com\/en\/produit\/velvety-cream\/"]}]},{"@type":"ImageObject","inLanguage":"en-GB","@id":"https:\/\/estime-et-sens.naracreative.com\/en\/produit\/velvety-cream\/#primaryimage","url":"https:\/\/estime-et-sens.naracreative.com\/wp-content\/uploads\/estimeetsens-visage-pot50ml-cremevelours-cremehydratantebiopreventionantiage.png","contentUrl":"https:\/\/estime-et-sens.naracreative.com\/wp-content\/uploads\/estimeetsens-visage-pot50ml-cremevelours-cremehydratantebiopreventionantiage.png","width":1080,"height":1080,"caption":"Estime et Sens cr\u00e8me hydratante bio pr\u00e9vention anti-\u00e2ge"},{"@type":"BreadcrumbList","@id":"https:\/\/estime-et-sens.naracreative.com\/en\/produit\/velvety-cream\/#breadcrumb","itemListElement":[{"@type":"ListItem","position":1,"name":"Accueil","item":"https:\/\/estime-et-sens.naracreative.com\/en\/"},{"@type":"ListItem","position":2,"name":"Nos Produits","item":"https:\/\/estime-et-sens.naracreative.com\/nos-produits\/"},{"@type":"ListItem","position":3,"name":"VELVETY CREAM"}]},{"@type":"WebSite","@id":"https:\/\/estime-et-sens.naracreative.com\/en\/#website","url":"https:\/\/estime-et-sens.naracreative.com\/en\/","name":"Estime et sens","description":"Cosmetiques BIO","publisher":{"@id":"https:\/\/estime-et-sens.naracreative.com\/en\/#organization"},"potentialAction":[{"@type":"SearchAction","target":{"@type":"EntryPoint","urlTemplate":"https:\/\/estime-et-sens.naracreative.com\/en\/?s={search_term_string}"},"query-input":{"@type":"PropertyValueSpecification","valueRequired":true,"valueName":"search_term_string"}}],"inLanguage":"en-GB"},{"@type":"Organization","@id":"https:\/\/estime-et-sens.naracreative.com\/en\/#organization","name":"Estime et Sens - Soins bio-experts fran\u00e7ais","url":"https:\/\/estime-et-sens.naracreative.com\/en\/","logo":{"@type":"ImageObject","inLanguage":"en-GB","@id":"https:\/\/estime-et-sens.naracreative.com\/en\/#\/schema\/logo\/image\/","url":"https:\/\/estime-et-sens.naracreative.com\/wp-content\/uploads\/logo_Estime-et-sens.svg","contentUrl":"https:\/\/estime-et-sens.naracreative.com\/wp-content\/uploads\/logo_Estime-et-sens.svg","width":211,"height":188,"caption":"Estime et Sens - Soins bio-experts fran\u00e7ais"},"image":{"@id":"https:\/\/estime-et-sens.naracreative.com\/en\/#\/schema\/logo\/image\/"}}]}},"_links":{"self":[{"href":"https:\/\/estime-et-sens.naracreative.com\/en\/wp-json\/wp\/v2\/product\/17559","targetHints":{"allow":["GET"]}}],"collection":[{"href":"https:\/\/estime-et-sens.naracreative.com\/en\/wp-json\/wp\/v2\/product"}],"about":[{"href":"https:\/\/estime-et-sens.naracreative.com\/en\/wp-json\/wp\/v2\/types\/product"}],"replies":[{"embeddable":true,"href":"https:\/\/estime-et-sens.naracreative.com\/en\/wp-json\/wp\/v2\/comments?post=17559"}],"wp:featuredmedia":[{"embeddable":true,"href":"https:\/\/estime-et-sens.naracreative.com\/en\/wp-json\/wp\/v2\/media\/19695"}],"wp:attachment":[{"href":"https:\/\/estime-et-sens.naracreative.com\/en\/wp-json\/wp\/v2\/media?parent=17559"}],"wp:term":[{"taxonomy":"product_brand","embeddable":true,"href":"https:\/\/estime-et-sens.naracreative.com\/en\/wp-json\/wp\/v2\/product_brand?post=17559"},{"taxonomy":"product_cat","embeddable":true,"href":"https:\/\/estime-et-sens.naracreative.com\/en\/wp-json\/wp\/v2\/product_cat?post=17559"},{"taxonomy":"product_tag","embeddable":true,"href":"https:\/\/estime-et-sens.naracreative.com\/en\/wp-json\/wp\/v2\/product_tag?post=17559"}],"curies":[{"name":"wp","href":"https:\/\/api.w.org\/{rel}","templated":true}]}}