

{"id":17684,"date":"2020-12-08T04:20:16","date_gmt":"2020-12-08T09:20:16","guid":{"rendered":"https:\/\/www.estime-et-sens.fr\/produit\/essence-destime-soiree-dete\/"},"modified":"2026-03-20T09:16:52","modified_gmt":"2026-03-20T13:16:52","slug":"essence-of-esteem-soiree-d-ete","status":"publish","type":"product","link":"https:\/\/estime-et-sens.naracreative.com\/en\/produit\/essence-of-esteem-soiree-d-ete\/","title":{"rendered":"ESSENCE OF ESTEEM &#8220;SOIREE D&#8217;ETE&#8221;"},"content":{"rendered":"","protected":false},"excerpt":{"rendered":"<p><strong>100% OF TOTAL INGREDIENTS ARE FROM NATURAL ORIGIN &amp; 94% ARE FROM ORGANIC FARMING<\/strong><\/p>\n<p>What if you extended your vacation ? This is the sweet promise of the organic after-sun oil for face and body. Its formula based on natural active ingredients gives this skincare a global action, both repairing and beautifying.<\/p>\n<p>After a sun exposure, prolong the relaxation of your sun bath with the essence of esteem &#8220;soir\u00e9e d&#8217;\u00e9t\u00e9&#8221; . Your skin will be immediately soothed and its tan accelerated and enhanced. The radiance brought by the oily extract of carrot will sublimate your skin.<\/p>\n<p>By succumbing to its delicious scent of Tiar\u00e9 flowers, let yourself be transported to an exotic beach of warm sand. Well-being guaranteed and a healthy glow restored !<\/p>\n<p>100 ml size<\/p>\n","protected":false},"featured_media":19959,"comment_status":"open","ping_status":"closed","template":"","meta":{"_acf_changed":false},"product_brand":[],"product_cat":[163,164,165,167,171],"product_tag":[],"class_list":{"0":"post-17684","1":"product","2":"type-product","3":"status-publish","4":"has-post-thumbnail","6":"product_cat-body","7":"product_cat-moisturising-care","8":"product_cat-nourishing-care","9":"product_cat-body-oils","10":"product_cat-after-sun","11":"cat-certification-eco-cert","12":"product-cat-preoccupation-dehydration","13":"product-cat-preoccupation-redness-skin-sensitivity","14":"product-cat-preoccupation-dry-skin-tightness","16":"first","17":"instock","18":"taxable","19":"shipping-taxable","20":"purchasable","21":"product-type-simple"},"acf":[],"yoast_head":"<!-- This site is optimized with the Yoast SEO plugin v27.4 - https:\/\/yoast.com\/product\/yoast-seo-wordpress\/ -->\n<title>Organic after-sun oil for face and body - Estime et Sens<\/title>\n<meta name=\"description\" content=\"Delicately scented with Tiare, this organic after-sun oil soothes the skin. Ideal after sunbathing, it promotes, accelerates and prolongs tanning.\" \/>\n<meta name=\"robots\" content=\"noindex, follow, max-snippet:-1, max-image-preview:large, max-video-preview:-1\" \/>\n<meta property=\"og:locale\" content=\"en_GB\" \/>\n<meta property=\"og:type\" content=\"article\" \/>\n<meta property=\"og:title\" content=\"Organic after-sun oil for face and body - Estime et Sens\" \/>\n<meta property=\"og:description\" content=\"Delicately scented with Tiare, this organic after-sun oil soothes the skin. Ideal after sunbathing, it promotes, accelerates and prolongs tanning.\" \/>\n<meta property=\"og:url\" content=\"https:\/\/estime-et-sens.naracreative.com\/en\/produit\/essence-of-esteem-soiree-d-ete\/\" \/>\n<meta property=\"og:site_name\" content=\"Estime et sens\" \/>\n<meta property=\"article:modified_time\" content=\"2026-03-20T13:16:52+00:00\" \/>\n<meta property=\"og:image\" content=\"https:\/\/estime-et-sens.naracreative.com\/wp-content\/uploads\/estimeetsens-corps-flacon-essencedestimesoireedete-huileapressoleilbiovisagetcorps.png\" \/>\n\t<meta property=\"og:image:width\" content=\"1080\" \/>\n\t<meta property=\"og:image:height\" content=\"1080\" \/>\n\t<meta property=\"og:image:type\" content=\"image\/png\" \/>\n<meta name=\"twitter:card\" content=\"summary_large_image\" \/>\n<meta name=\"twitter:label1\" content=\"Estimated reading time\" \/>\n\t<meta name=\"twitter:data1\" content=\"1 minute\" \/>\n<script type=\"application\/ld+json\" class=\"yoast-schema-graph\">{\"@context\":\"https:\\\/\\\/schema.org\",\"@graph\":[{\"@type\":\"WebPage\",\"@id\":\"https:\\\/\\\/estime-et-sens.naracreative.com\\\/en\\\/produit\\\/essence-of-esteem-soiree-d-ete\\\/\",\"url\":\"https:\\\/\\\/estime-et-sens.naracreative.com\\\/en\\\/produit\\\/essence-of-esteem-soiree-d-ete\\\/\",\"name\":\"Organic after-sun oil for face and body - Estime et Sens\",\"isPartOf\":{\"@id\":\"https:\\\/\\\/estime-et-sens.naracreative.com\\\/en\\\/#website\"},\"primaryImageOfPage\":{\"@id\":\"https:\\\/\\\/estime-et-sens.naracreative.com\\\/en\\\/produit\\\/essence-of-esteem-soiree-d-ete\\\/#primaryimage\"},\"image\":{\"@id\":\"https:\\\/\\\/estime-et-sens.naracreative.com\\\/en\\\/produit\\\/essence-of-esteem-soiree-d-ete\\\/#primaryimage\"},\"thumbnailUrl\":\"https:\\\/\\\/estime-et-sens.naracreative.com\\\/wp-content\\\/uploads\\\/estimeetsens-corps-flacon-essencedestimesoireedete-huileapressoleilbiovisagetcorps.png\",\"datePublished\":\"2020-12-08T09:20:16+00:00\",\"dateModified\":\"2026-03-20T13:16:52+00:00\",\"description\":\"Delicately scented with Tiare, this organic after-sun oil soothes the skin. Ideal after sunbathing, it promotes, accelerates and prolongs tanning.\",\"breadcrumb\":{\"@id\":\"https:\\\/\\\/estime-et-sens.naracreative.com\\\/en\\\/produit\\\/essence-of-esteem-soiree-d-ete\\\/#breadcrumb\"},\"inLanguage\":\"en-GB\",\"potentialAction\":[{\"@type\":\"ReadAction\",\"target\":[\"https:\\\/\\\/estime-et-sens.naracreative.com\\\/en\\\/produit\\\/essence-of-esteem-soiree-d-ete\\\/\"]}]},{\"@type\":\"ImageObject\",\"inLanguage\":\"en-GB\",\"@id\":\"https:\\\/\\\/estime-et-sens.naracreative.com\\\/en\\\/produit\\\/essence-of-esteem-soiree-d-ete\\\/#primaryimage\",\"url\":\"https:\\\/\\\/estime-et-sens.naracreative.com\\\/wp-content\\\/uploads\\\/estimeetsens-corps-flacon-essencedestimesoireedete-huileapressoleilbiovisagetcorps.png\",\"contentUrl\":\"https:\\\/\\\/estime-et-sens.naracreative.com\\\/wp-content\\\/uploads\\\/estimeetsens-corps-flacon-essencedestimesoireedete-huileapressoleilbiovisagetcorps.png\",\"width\":1080,\"height\":1080,\"caption\":\"Estime et Sens huile apr\u00e8s soleil bio visage et corps\"},{\"@type\":\"BreadcrumbList\",\"@id\":\"https:\\\/\\\/estime-et-sens.naracreative.com\\\/en\\\/produit\\\/essence-of-esteem-soiree-d-ete\\\/#breadcrumb\",\"itemListElement\":[{\"@type\":\"ListItem\",\"position\":1,\"name\":\"Accueil\",\"item\":\"https:\\\/\\\/estime-et-sens.naracreative.com\\\/en\\\/\"},{\"@type\":\"ListItem\",\"position\":2,\"name\":\"Nos Produits\",\"item\":\"https:\\\/\\\/estime-et-sens.naracreative.com\\\/nos-produits\\\/\"},{\"@type\":\"ListItem\",\"position\":3,\"name\":\"ESSENCE OF ESTEEM &#8220;SOIREE D&#8217;ETE&#8221;\"}]},{\"@type\":\"WebSite\",\"@id\":\"https:\\\/\\\/estime-et-sens.naracreative.com\\\/en\\\/#website\",\"url\":\"https:\\\/\\\/estime-et-sens.naracreative.com\\\/en\\\/\",\"name\":\"Estime et sens\",\"description\":\"Cosmetiques BIO\",\"publisher\":{\"@id\":\"https:\\\/\\\/estime-et-sens.naracreative.com\\\/en\\\/#organization\"},\"potentialAction\":[{\"@type\":\"SearchAction\",\"target\":{\"@type\":\"EntryPoint\",\"urlTemplate\":\"https:\\\/\\\/estime-et-sens.naracreative.com\\\/en\\\/?s={search_term_string}\"},\"query-input\":{\"@type\":\"PropertyValueSpecification\",\"valueRequired\":true,\"valueName\":\"search_term_string\"}}],\"inLanguage\":\"en-GB\"},{\"@type\":\"Organization\",\"@id\":\"https:\\\/\\\/estime-et-sens.naracreative.com\\\/en\\\/#organization\",\"name\":\"Estime et Sens - Soins bio-experts fran\u00e7ais\",\"url\":\"https:\\\/\\\/estime-et-sens.naracreative.com\\\/en\\\/\",\"logo\":{\"@type\":\"ImageObject\",\"inLanguage\":\"en-GB\",\"@id\":\"https:\\\/\\\/estime-et-sens.naracreative.com\\\/en\\\/#\\\/schema\\\/logo\\\/image\\\/\",\"url\":\"https:\\\/\\\/estime-et-sens.naracreative.com\\\/wp-content\\\/uploads\\\/logo_Estime-et-sens.svg\",\"contentUrl\":\"https:\\\/\\\/estime-et-sens.naracreative.com\\\/wp-content\\\/uploads\\\/logo_Estime-et-sens.svg\",\"width\":211,\"height\":188,\"caption\":\"Estime et Sens - Soins bio-experts fran\u00e7ais\"},\"image\":{\"@id\":\"https:\\\/\\\/estime-et-sens.naracreative.com\\\/en\\\/#\\\/schema\\\/logo\\\/image\\\/\"}}]}<\/script>\n<!-- \/ Yoast SEO plugin. -->","yoast_head_json":{"title":"Organic after-sun oil for face and body - Estime et Sens","description":"Delicately scented with Tiare, this organic after-sun oil soothes the skin. Ideal after sunbathing, it promotes, accelerates and prolongs tanning.","robots":{"index":"noindex","follow":"follow","max-snippet":"max-snippet:-1","max-image-preview":"max-image-preview:large","max-video-preview":"max-video-preview:-1"},"og_locale":"en_GB","og_type":"article","og_title":"Organic after-sun oil for face and body - Estime et Sens","og_description":"Delicately scented with Tiare, this organic after-sun oil soothes the skin. Ideal after sunbathing, it promotes, accelerates and prolongs tanning.","og_url":"https:\/\/estime-et-sens.naracreative.com\/en\/produit\/essence-of-esteem-soiree-d-ete\/","og_site_name":"Estime et sens","article_modified_time":"2026-03-20T13:16:52+00:00","og_image":[{"width":1080,"height":1080,"url":"https:\/\/estime-et-sens.naracreative.com\/wp-content\/uploads\/estimeetsens-corps-flacon-essencedestimesoireedete-huileapressoleilbiovisagetcorps.png","type":"image\/png"}],"twitter_card":"summary_large_image","twitter_misc":{"Estimated reading time":"1 minute"},"schema":{"@context":"https:\/\/schema.org","@graph":[{"@type":"WebPage","@id":"https:\/\/estime-et-sens.naracreative.com\/en\/produit\/essence-of-esteem-soiree-d-ete\/","url":"https:\/\/estime-et-sens.naracreative.com\/en\/produit\/essence-of-esteem-soiree-d-ete\/","name":"Organic after-sun oil for face and body - Estime et Sens","isPartOf":{"@id":"https:\/\/estime-et-sens.naracreative.com\/en\/#website"},"primaryImageOfPage":{"@id":"https:\/\/estime-et-sens.naracreative.com\/en\/produit\/essence-of-esteem-soiree-d-ete\/#primaryimage"},"image":{"@id":"https:\/\/estime-et-sens.naracreative.com\/en\/produit\/essence-of-esteem-soiree-d-ete\/#primaryimage"},"thumbnailUrl":"https:\/\/estime-et-sens.naracreative.com\/wp-content\/uploads\/estimeetsens-corps-flacon-essencedestimesoireedete-huileapressoleilbiovisagetcorps.png","datePublished":"2020-12-08T09:20:16+00:00","dateModified":"2026-03-20T13:16:52+00:00","description":"Delicately scented with Tiare, this organic after-sun oil soothes the skin. Ideal after sunbathing, it promotes, accelerates and prolongs tanning.","breadcrumb":{"@id":"https:\/\/estime-et-sens.naracreative.com\/en\/produit\/essence-of-esteem-soiree-d-ete\/#breadcrumb"},"inLanguage":"en-GB","potentialAction":[{"@type":"ReadAction","target":["https:\/\/estime-et-sens.naracreative.com\/en\/produit\/essence-of-esteem-soiree-d-ete\/"]}]},{"@type":"ImageObject","inLanguage":"en-GB","@id":"https:\/\/estime-et-sens.naracreative.com\/en\/produit\/essence-of-esteem-soiree-d-ete\/#primaryimage","url":"https:\/\/estime-et-sens.naracreative.com\/wp-content\/uploads\/estimeetsens-corps-flacon-essencedestimesoireedete-huileapressoleilbiovisagetcorps.png","contentUrl":"https:\/\/estime-et-sens.naracreative.com\/wp-content\/uploads\/estimeetsens-corps-flacon-essencedestimesoireedete-huileapressoleilbiovisagetcorps.png","width":1080,"height":1080,"caption":"Estime et Sens huile apr\u00e8s soleil bio visage et corps"},{"@type":"BreadcrumbList","@id":"https:\/\/estime-et-sens.naracreative.com\/en\/produit\/essence-of-esteem-soiree-d-ete\/#breadcrumb","itemListElement":[{"@type":"ListItem","position":1,"name":"Accueil","item":"https:\/\/estime-et-sens.naracreative.com\/en\/"},{"@type":"ListItem","position":2,"name":"Nos Produits","item":"https:\/\/estime-et-sens.naracreative.com\/nos-produits\/"},{"@type":"ListItem","position":3,"name":"ESSENCE OF ESTEEM &#8220;SOIREE D&#8217;ETE&#8221;"}]},{"@type":"WebSite","@id":"https:\/\/estime-et-sens.naracreative.com\/en\/#website","url":"https:\/\/estime-et-sens.naracreative.com\/en\/","name":"Estime et sens","description":"Cosmetiques BIO","publisher":{"@id":"https:\/\/estime-et-sens.naracreative.com\/en\/#organization"},"potentialAction":[{"@type":"SearchAction","target":{"@type":"EntryPoint","urlTemplate":"https:\/\/estime-et-sens.naracreative.com\/en\/?s={search_term_string}"},"query-input":{"@type":"PropertyValueSpecification","valueRequired":true,"valueName":"search_term_string"}}],"inLanguage":"en-GB"},{"@type":"Organization","@id":"https:\/\/estime-et-sens.naracreative.com\/en\/#organization","name":"Estime et Sens - Soins bio-experts fran\u00e7ais","url":"https:\/\/estime-et-sens.naracreative.com\/en\/","logo":{"@type":"ImageObject","inLanguage":"en-GB","@id":"https:\/\/estime-et-sens.naracreative.com\/en\/#\/schema\/logo\/image\/","url":"https:\/\/estime-et-sens.naracreative.com\/wp-content\/uploads\/logo_Estime-et-sens.svg","contentUrl":"https:\/\/estime-et-sens.naracreative.com\/wp-content\/uploads\/logo_Estime-et-sens.svg","width":211,"height":188,"caption":"Estime et Sens - Soins bio-experts fran\u00e7ais"},"image":{"@id":"https:\/\/estime-et-sens.naracreative.com\/en\/#\/schema\/logo\/image\/"}}]}},"_links":{"self":[{"href":"https:\/\/estime-et-sens.naracreative.com\/en\/wp-json\/wp\/v2\/product\/17684","targetHints":{"allow":["GET"]}}],"collection":[{"href":"https:\/\/estime-et-sens.naracreative.com\/en\/wp-json\/wp\/v2\/product"}],"about":[{"href":"https:\/\/estime-et-sens.naracreative.com\/en\/wp-json\/wp\/v2\/types\/product"}],"replies":[{"embeddable":true,"href":"https:\/\/estime-et-sens.naracreative.com\/en\/wp-json\/wp\/v2\/comments?post=17684"}],"wp:featuredmedia":[{"embeddable":true,"href":"https:\/\/estime-et-sens.naracreative.com\/en\/wp-json\/wp\/v2\/media\/19959"}],"wp:attachment":[{"href":"https:\/\/estime-et-sens.naracreative.com\/en\/wp-json\/wp\/v2\/media?parent=17684"}],"wp:term":[{"taxonomy":"product_brand","embeddable":true,"href":"https:\/\/estime-et-sens.naracreative.com\/en\/wp-json\/wp\/v2\/product_brand?post=17684"},{"taxonomy":"product_cat","embeddable":true,"href":"https:\/\/estime-et-sens.naracreative.com\/en\/wp-json\/wp\/v2\/product_cat?post=17684"},{"taxonomy":"product_tag","embeddable":true,"href":"https:\/\/estime-et-sens.naracreative.com\/en\/wp-json\/wp\/v2\/product_tag?post=17684"}],"curies":[{"name":"wp","href":"https:\/\/api.w.org\/{rel}","templated":true}]}}