

{"id":40355,"date":"2025-01-14T11:02:14","date_gmt":"2025-01-14T16:02:14","guid":{"rendered":"https:\/\/www.estime-et-sens.fr\/produit\/creme-eclat-de-nuit-40-ml\/"},"modified":"2026-03-19T11:50:38","modified_gmt":"2026-03-19T15:50:38","slug":"creme-eclat-de-nuit-40-ml","status":"publish","type":"product","link":"https:\/\/estime-et-sens.naracreative.com\/en\/produit\/creme-eclat-de-nuit-40-ml\/","title":{"rendered":"NIGHT GLOW CREAM"},"content":{"rendered":"","protected":false},"excerpt":{"rendered":"<p><strong>Regenerate at night, glow during the day<\/strong><\/p>\n<p><span style=\"font-weight: 400;\">Offer\u00a0 your skin a specific organic certified skincare at night thanks to the <strong>Night glow cream with 10% stabilised vitamin C<\/strong>. A true ally against dull complexion, its dual\u00a0 anti-pigmentation spots action with 10% stabilised vitamin C and 3% sophobright complex allows the skin to regenerate overnight, so you wake up <strong>with a radiant, even complexion,\u00a0 and visibly plumper skin.<\/strong><\/span><\/p>\n<p><span style=\"font-weight: 400;\">Vitamin C stabilised at 10% is a <strong>powerful antioxidant active ingredient<\/strong>, more stable and better tolerated than pure vitamin C. It works overnight to <strong>boost the skin\u2019s natural radiance<\/strong>, <strong>even out the complexion and reduce the signs of aging.<\/strong><\/span><\/p>\n<p><span style=\"font-weight: 400;\">Its comfortable<\/span><span style=\"font-weight: 400;\"> powdery <\/span><span style=\"font-weight: 400;\">cream texture is suitable for all skin types.<\/span><\/p>\n<p><span style=\"font-weight: 400;\">To preserve the full effectiveness of vitamin C, we recommend using the Night glow cream <strong>only in the evening<\/strong>, on clean and dry skin.<\/span><\/p>\n<p><span style=\"font-weight: 400;\">Our tip :<\/span><span style=\"font-weight: 400;\"> keep the product in a\u00a0 cool place, away from light to preserve the full effectiveness of its active ingredients.<\/span><\/p>\n<p><span style=\"font-weight: 400;\">40 ml cannula tube<\/span><span style=\"font-weight: 400;\">\u00a0<\/span><\/p>\n<p><strong>98% of total ingredients are from natural origin &amp; 13% are from organic farming <\/strong><\/p>\n","protected":false},"featured_media":39185,"comment_status":"open","ping_status":"closed","template":"","meta":{"_acf_changed":false},"product_brand":[],"product_cat":[156,159],"product_tag":[],"class_list":{"0":"post-40355","1":"product","2":"type-product","3":"status-publish","4":"has-post-thumbnail","6":"product_cat-face","7":"product_cat-day-and-night-care","8":"cat-gamme-illuminates-en-3","9":"cat-gamme-unifies","10":"cat-gamme-cosmeceutics","11":"cat-gamme-moisturises-en","12":"cat-certification-cosmos-en","13":"product-cat-preoccupation-anti-age-wrinkles-firmness-pigmentation-spots","14":"product-cat-preoccupation-fatigue-radiance-energy","16":"first","17":"instock","18":"taxable","19":"shipping-taxable","20":"purchasable","21":"product-type-simple"},"acf":[],"yoast_head":"<!-- This site is optimized with the Yoast SEO plugin v27.4 - https:\/\/yoast.com\/product\/yoast-seo-wordpress\/ -->\n<title>NIGHT GLOW CREAM - Estime et sens<\/title>\n<meta name=\"description\" content=\"La cr\u00e8me universelle r\u00e9paratrice toutes peaux, anti tache, r\u00e9pare les effets d\u00e9l\u00e9t\u00e8res de la lumi\u00e8re que sont les radicaux libres.\" \/>\n<meta name=\"robots\" content=\"noindex, follow, max-snippet:-1, max-image-preview:large, max-video-preview:-1\" \/>\n<meta property=\"og:locale\" content=\"en_GB\" \/>\n<meta property=\"og:type\" content=\"article\" \/>\n<meta property=\"og:title\" content=\"NIGHT GLOW CREAM - Estime et sens\" \/>\n<meta property=\"og:description\" content=\"La cr\u00e8me universelle r\u00e9paratrice toutes peaux, anti tache, r\u00e9pare les effets d\u00e9l\u00e9t\u00e8res de la lumi\u00e8re que sont les radicaux libres.\" \/>\n<meta property=\"og:url\" content=\"https:\/\/estime-et-sens.naracreative.com\/?post_type=product&amp;p=36890\" \/>\n<meta property=\"og:site_name\" content=\"Estime et sens\" \/>\n<meta property=\"article:modified_time\" content=\"2026-03-19T15:50:38+00:00\" \/>\n<meta property=\"og:image\" content=\"https:\/\/estime-et-sens.naracreative.com\/wp-content\/uploads\/creme-eclat-de-nuit-fiche-produit.jpg\" \/>\n\t<meta property=\"og:image:width\" content=\"1080\" \/>\n\t<meta property=\"og:image:height\" content=\"1080\" \/>\n\t<meta property=\"og:image:type\" content=\"image\/jpeg\" \/>\n<meta name=\"twitter:card\" content=\"summary_large_image\" \/>\n<meta name=\"twitter:label1\" content=\"Estimated reading time\" \/>\n\t<meta name=\"twitter:data1\" content=\"1 minute\" \/>\n<script type=\"application\/ld+json\" class=\"yoast-schema-graph\">{\"@context\":\"https:\\\/\\\/schema.org\",\"@graph\":[{\"@type\":\"WebPage\",\"@id\":\"https:\\\/\\\/estime-et-sens.naracreative.com\\\/?post_type=product&p=36890\",\"url\":\"https:\\\/\\\/estime-et-sens.naracreative.com\\\/?post_type=product&p=36890\",\"name\":\"NIGHT GLOW CREAM - Estime et sens\",\"isPartOf\":{\"@id\":\"https:\\\/\\\/estime-et-sens.naracreative.com\\\/en\\\/#website\"},\"primaryImageOfPage\":{\"@id\":\"https:\\\/\\\/estime-et-sens.naracreative.com\\\/?post_type=product&p=36890#primaryimage\"},\"image\":{\"@id\":\"https:\\\/\\\/estime-et-sens.naracreative.com\\\/?post_type=product&p=36890#primaryimage\"},\"thumbnailUrl\":\"https:\\\/\\\/estime-et-sens.naracreative.com\\\/wp-content\\\/uploads\\\/creme-eclat-de-nuit-fiche-produit.jpg\",\"datePublished\":\"2025-01-14T16:02:14+00:00\",\"dateModified\":\"2026-03-19T15:50:38+00:00\",\"description\":\"La cr\u00e8me universelle r\u00e9paratrice toutes peaux, anti tache, r\u00e9pare les effets d\u00e9l\u00e9t\u00e8res de la lumi\u00e8re que sont les radicaux libres.\",\"breadcrumb\":{\"@id\":\"https:\\\/\\\/estime-et-sens.naracreative.com\\\/?post_type=product&p=36890#breadcrumb\"},\"inLanguage\":\"en-GB\",\"potentialAction\":[{\"@type\":\"ReadAction\",\"target\":[\"https:\\\/\\\/estime-et-sens.naracreative.com\\\/?post_type=product&p=36890\"]}]},{\"@type\":\"ImageObject\",\"inLanguage\":\"en-GB\",\"@id\":\"https:\\\/\\\/estime-et-sens.naracreative.com\\\/?post_type=product&p=36890#primaryimage\",\"url\":\"https:\\\/\\\/estime-et-sens.naracreative.com\\\/wp-content\\\/uploads\\\/creme-eclat-de-nuit-fiche-produit.jpg\",\"contentUrl\":\"https:\\\/\\\/estime-et-sens.naracreative.com\\\/wp-content\\\/uploads\\\/creme-eclat-de-nuit-fiche-produit.jpg\",\"width\":1080,\"height\":1080},{\"@type\":\"BreadcrumbList\",\"@id\":\"https:\\\/\\\/estime-et-sens.naracreative.com\\\/?post_type=product&p=36890#breadcrumb\",\"itemListElement\":[{\"@type\":\"ListItem\",\"position\":1,\"name\":\"Accueil\",\"item\":\"https:\\\/\\\/estime-et-sens.naracreative.com\\\/en\\\/\"},{\"@type\":\"ListItem\",\"position\":2,\"name\":\"Nos Produits\",\"item\":\"https:\\\/\\\/estime-et-sens.naracreative.com\\\/nos-produits\\\/\"},{\"@type\":\"ListItem\",\"position\":3,\"name\":\"NIGHT GLOW CREAM\"}]},{\"@type\":\"WebSite\",\"@id\":\"https:\\\/\\\/estime-et-sens.naracreative.com\\\/en\\\/#website\",\"url\":\"https:\\\/\\\/estime-et-sens.naracreative.com\\\/en\\\/\",\"name\":\"Estime et sens\",\"description\":\"Cosmetiques BIO\",\"publisher\":{\"@id\":\"https:\\\/\\\/estime-et-sens.naracreative.com\\\/en\\\/#organization\"},\"potentialAction\":[{\"@type\":\"SearchAction\",\"target\":{\"@type\":\"EntryPoint\",\"urlTemplate\":\"https:\\\/\\\/estime-et-sens.naracreative.com\\\/en\\\/?s={search_term_string}\"},\"query-input\":{\"@type\":\"PropertyValueSpecification\",\"valueRequired\":true,\"valueName\":\"search_term_string\"}}],\"inLanguage\":\"en-GB\"},{\"@type\":\"Organization\",\"@id\":\"https:\\\/\\\/estime-et-sens.naracreative.com\\\/en\\\/#organization\",\"name\":\"Estime et Sens - Soins bio-experts fran\u00e7ais\",\"url\":\"https:\\\/\\\/estime-et-sens.naracreative.com\\\/en\\\/\",\"logo\":{\"@type\":\"ImageObject\",\"inLanguage\":\"en-GB\",\"@id\":\"https:\\\/\\\/estime-et-sens.naracreative.com\\\/en\\\/#\\\/schema\\\/logo\\\/image\\\/\",\"url\":\"https:\\\/\\\/estime-et-sens.naracreative.com\\\/wp-content\\\/uploads\\\/logo_Estime-et-sens.svg\",\"contentUrl\":\"https:\\\/\\\/estime-et-sens.naracreative.com\\\/wp-content\\\/uploads\\\/logo_Estime-et-sens.svg\",\"width\":211,\"height\":188,\"caption\":\"Estime et Sens - Soins bio-experts fran\u00e7ais\"},\"image\":{\"@id\":\"https:\\\/\\\/estime-et-sens.naracreative.com\\\/en\\\/#\\\/schema\\\/logo\\\/image\\\/\"}}]}<\/script>\n<!-- \/ Yoast SEO plugin. -->","yoast_head_json":{"title":"NIGHT GLOW CREAM - Estime et sens","description":"La cr\u00e8me universelle r\u00e9paratrice toutes peaux, anti tache, r\u00e9pare les effets d\u00e9l\u00e9t\u00e8res de la lumi\u00e8re que sont les radicaux libres.","robots":{"index":"noindex","follow":"follow","max-snippet":"max-snippet:-1","max-image-preview":"max-image-preview:large","max-video-preview":"max-video-preview:-1"},"og_locale":"en_GB","og_type":"article","og_title":"NIGHT GLOW CREAM - Estime et sens","og_description":"La cr\u00e8me universelle r\u00e9paratrice toutes peaux, anti tache, r\u00e9pare les effets d\u00e9l\u00e9t\u00e8res de la lumi\u00e8re que sont les radicaux libres.","og_url":"https:\/\/estime-et-sens.naracreative.com\/?post_type=product&p=36890","og_site_name":"Estime et sens","article_modified_time":"2026-03-19T15:50:38+00:00","og_image":[{"width":1080,"height":1080,"url":"https:\/\/estime-et-sens.naracreative.com\/wp-content\/uploads\/creme-eclat-de-nuit-fiche-produit.jpg","type":"image\/jpeg"}],"twitter_card":"summary_large_image","twitter_misc":{"Estimated reading time":"1 minute"},"schema":{"@context":"https:\/\/schema.org","@graph":[{"@type":"WebPage","@id":"https:\/\/estime-et-sens.naracreative.com\/?post_type=product&p=36890","url":"https:\/\/estime-et-sens.naracreative.com\/?post_type=product&p=36890","name":"NIGHT GLOW CREAM - Estime et sens","isPartOf":{"@id":"https:\/\/estime-et-sens.naracreative.com\/en\/#website"},"primaryImageOfPage":{"@id":"https:\/\/estime-et-sens.naracreative.com\/?post_type=product&p=36890#primaryimage"},"image":{"@id":"https:\/\/estime-et-sens.naracreative.com\/?post_type=product&p=36890#primaryimage"},"thumbnailUrl":"https:\/\/estime-et-sens.naracreative.com\/wp-content\/uploads\/creme-eclat-de-nuit-fiche-produit.jpg","datePublished":"2025-01-14T16:02:14+00:00","dateModified":"2026-03-19T15:50:38+00:00","description":"La cr\u00e8me universelle r\u00e9paratrice toutes peaux, anti tache, r\u00e9pare les effets d\u00e9l\u00e9t\u00e8res de la lumi\u00e8re que sont les radicaux libres.","breadcrumb":{"@id":"https:\/\/estime-et-sens.naracreative.com\/?post_type=product&p=36890#breadcrumb"},"inLanguage":"en-GB","potentialAction":[{"@type":"ReadAction","target":["https:\/\/estime-et-sens.naracreative.com\/?post_type=product&p=36890"]}]},{"@type":"ImageObject","inLanguage":"en-GB","@id":"https:\/\/estime-et-sens.naracreative.com\/?post_type=product&p=36890#primaryimage","url":"https:\/\/estime-et-sens.naracreative.com\/wp-content\/uploads\/creme-eclat-de-nuit-fiche-produit.jpg","contentUrl":"https:\/\/estime-et-sens.naracreative.com\/wp-content\/uploads\/creme-eclat-de-nuit-fiche-produit.jpg","width":1080,"height":1080},{"@type":"BreadcrumbList","@id":"https:\/\/estime-et-sens.naracreative.com\/?post_type=product&p=36890#breadcrumb","itemListElement":[{"@type":"ListItem","position":1,"name":"Accueil","item":"https:\/\/estime-et-sens.naracreative.com\/en\/"},{"@type":"ListItem","position":2,"name":"Nos Produits","item":"https:\/\/estime-et-sens.naracreative.com\/nos-produits\/"},{"@type":"ListItem","position":3,"name":"NIGHT GLOW CREAM"}]},{"@type":"WebSite","@id":"https:\/\/estime-et-sens.naracreative.com\/en\/#website","url":"https:\/\/estime-et-sens.naracreative.com\/en\/","name":"Estime et sens","description":"Cosmetiques BIO","publisher":{"@id":"https:\/\/estime-et-sens.naracreative.com\/en\/#organization"},"potentialAction":[{"@type":"SearchAction","target":{"@type":"EntryPoint","urlTemplate":"https:\/\/estime-et-sens.naracreative.com\/en\/?s={search_term_string}"},"query-input":{"@type":"PropertyValueSpecification","valueRequired":true,"valueName":"search_term_string"}}],"inLanguage":"en-GB"},{"@type":"Organization","@id":"https:\/\/estime-et-sens.naracreative.com\/en\/#organization","name":"Estime et Sens - Soins bio-experts fran\u00e7ais","url":"https:\/\/estime-et-sens.naracreative.com\/en\/","logo":{"@type":"ImageObject","inLanguage":"en-GB","@id":"https:\/\/estime-et-sens.naracreative.com\/en\/#\/schema\/logo\/image\/","url":"https:\/\/estime-et-sens.naracreative.com\/wp-content\/uploads\/logo_Estime-et-sens.svg","contentUrl":"https:\/\/estime-et-sens.naracreative.com\/wp-content\/uploads\/logo_Estime-et-sens.svg","width":211,"height":188,"caption":"Estime et Sens - Soins bio-experts fran\u00e7ais"},"image":{"@id":"https:\/\/estime-et-sens.naracreative.com\/en\/#\/schema\/logo\/image\/"}}]}},"_links":{"self":[{"href":"https:\/\/estime-et-sens.naracreative.com\/en\/wp-json\/wp\/v2\/product\/40355","targetHints":{"allow":["GET"]}}],"collection":[{"href":"https:\/\/estime-et-sens.naracreative.com\/en\/wp-json\/wp\/v2\/product"}],"about":[{"href":"https:\/\/estime-et-sens.naracreative.com\/en\/wp-json\/wp\/v2\/types\/product"}],"replies":[{"embeddable":true,"href":"https:\/\/estime-et-sens.naracreative.com\/en\/wp-json\/wp\/v2\/comments?post=40355"}],"wp:featuredmedia":[{"embeddable":true,"href":"https:\/\/estime-et-sens.naracreative.com\/en\/wp-json\/wp\/v2\/media\/39185"}],"wp:attachment":[{"href":"https:\/\/estime-et-sens.naracreative.com\/en\/wp-json\/wp\/v2\/media?parent=40355"}],"wp:term":[{"taxonomy":"product_brand","embeddable":true,"href":"https:\/\/estime-et-sens.naracreative.com\/en\/wp-json\/wp\/v2\/product_brand?post=40355"},{"taxonomy":"product_cat","embeddable":true,"href":"https:\/\/estime-et-sens.naracreative.com\/en\/wp-json\/wp\/v2\/product_cat?post=40355"},{"taxonomy":"product_tag","embeddable":true,"href":"https:\/\/estime-et-sens.naracreative.com\/en\/wp-json\/wp\/v2\/product_tag?post=40355"}],"curies":[{"name":"wp","href":"https:\/\/api.w.org\/{rel}","templated":true}]}}