

{"id":43694,"date":"2021-08-19T09:25:03","date_gmt":"2021-08-19T13:25:03","guid":{"rendered":"https:\/\/estime-et-sens.naracreative.com\/?post_type=product&#038;p=43694"},"modified":"2026-03-23T09:16:05","modified_gmt":"2026-03-23T13:16:05","slug":"sovereign-balm-limited-edition","status":"publish","type":"product","link":"https:\/\/estime-et-sens.naracreative.com\/en\/produit\/sovereign-balm-limited-edition\/","title":{"rendered":"SOVEREIGN BALM LIMITED EDITION"},"content":{"rendered":"","protected":false},"excerpt":{"rendered":"<p><strong>99% OF THE TOTAL INGREDIENTS ARE OF NATURAL ORIGIN &amp; 22% ARE FROM ORGANIC FARMING<\/strong><\/p>\n<p><span style=\"font-weight: 400;\"><strong>estime&amp;sens is committed to socio-aesthetics for Breast Cancer Awareness Month with the limited edition 50ml release of the sovereign balm.<\/strong><br \/>\n<\/span><\/p>\n<p><span style=\"font-weight: 400;\">This <strong>universal balm<\/strong> brings softness and comfort to all dry areas of the body (hands, feet, elbows, knees) that need it. Its <strong>creamy texture<\/strong> creates an <strong>ultra-soft and protective film<\/strong> on the skin.<br \/>\n<\/span><span style=\"font-weight: 400;\">We love its <strong>ORGANIC composition<\/strong> (shea butter, beeswax, vegetable oils&#8230;) and its subtle scent of fig leaf. Its travel-friendly size allows you to carry it easily.<\/span><\/p>\n<p><strong>From October 1st to 31st, 2024, for the purchase of a sovereign balm, estime&amp;sens commits to donating \u20ac1 to the socio-estheticians of <a href=\"https:\/\/www.arsepaysdeloire.com\/\">ARSE Pays de la Loire<\/a> who work with vulnerable individuals to improve their well-being.<\/strong><\/p>\n<p>50 ml jar format.<\/p>\n","protected":false},"featured_media":34537,"comment_status":"open","ping_status":"closed","template":"","meta":{"_acf_changed":false},"product_brand":[],"product_cat":[164,165,163],"product_tag":[],"class_list":{"0":"post-43694","1":"product","2":"type-product","3":"status-publish","4":"has-post-thumbnail","6":"product_cat-moisturising-care","7":"product_cat-nourishing-care","8":"product_cat-body","9":"cat-gamme-soft-and-smooth","10":"cat-certification-cosmos-en","11":"product-cat-preoccupation-dry-skin-tightness","12":"product-cat-option-new-products","13":"product-cat-option-edition-limitee","15":"first","16":"instock","17":"taxable","18":"shipping-taxable","19":"purchasable","20":"product-type-simple"},"acf":[],"yoast_head":"<!-- This site is optimized with the Yoast SEO plugin v27.4 - https:\/\/yoast.com\/product\/yoast-seo-wordpress\/ -->\n<title>SOVEREIGN BALM LIMITED EDITION - Estime et sens<\/title>\n<meta name=\"description\" content=\"Le baume souverain en \u00e9dition limit\u00e9e s&#039;habille d&#039;un \u00e9l\u00e9gant motif floral dans un format nomade 50ml.\" \/>\n<meta name=\"robots\" content=\"noindex, follow, max-snippet:-1, max-image-preview:large, max-video-preview:-1\" \/>\n<meta property=\"og:locale\" content=\"en_GB\" \/>\n<meta property=\"og:type\" content=\"article\" \/>\n<meta property=\"og:title\" content=\"SOVEREIGN BALM LIMITED EDITION - Estime et sens\" \/>\n<meta property=\"og:description\" content=\"Le baume souverain en \u00e9dition limit\u00e9e s&#039;habille d&#039;un \u00e9l\u00e9gant motif floral dans un format nomade 50ml.\" \/>\n<meta property=\"og:url\" content=\"https:\/\/estime-et-sens.naracreative.com\/produit\/baume-souverain-edition-limitee-50ml\/\" \/>\n<meta property=\"og:site_name\" content=\"Estime et sens\" \/>\n<meta property=\"article:modified_time\" content=\"2026-03-23T13:16:05+00:00\" \/>\n<meta property=\"og:image\" content=\"https:\/\/estime-et-sens.naracreative.com\/wp-content\/uploads\/baume-souverain-octobre-rose-2024-site.jpg\" \/>\n\t<meta property=\"og:image:width\" content=\"1080\" \/>\n\t<meta property=\"og:image:height\" content=\"1080\" \/>\n\t<meta property=\"og:image:type\" content=\"image\/jpeg\" \/>\n<meta name=\"twitter:card\" content=\"summary_large_image\" \/>\n<meta name=\"twitter:label1\" content=\"Estimated reading time\" \/>\n\t<meta name=\"twitter:data1\" content=\"1 minute\" \/>\n<script type=\"application\/ld+json\" class=\"yoast-schema-graph\">{\"@context\":\"https:\\\/\\\/schema.org\",\"@graph\":[{\"@type\":\"WebPage\",\"@id\":\"https:\\\/\\\/estime-et-sens.naracreative.com\\\/produit\\\/baume-souverain-edition-limitee-50ml\\\/\",\"url\":\"https:\\\/\\\/estime-et-sens.naracreative.com\\\/produit\\\/baume-souverain-edition-limitee-50ml\\\/\",\"name\":\"SOVEREIGN BALM LIMITED EDITION - Estime et sens\",\"isPartOf\":{\"@id\":\"https:\\\/\\\/estime-et-sens.naracreative.com\\\/en\\\/#website\"},\"primaryImageOfPage\":{\"@id\":\"https:\\\/\\\/estime-et-sens.naracreative.com\\\/produit\\\/baume-souverain-edition-limitee-50ml\\\/#primaryimage\"},\"image\":{\"@id\":\"https:\\\/\\\/estime-et-sens.naracreative.com\\\/produit\\\/baume-souverain-edition-limitee-50ml\\\/#primaryimage\"},\"thumbnailUrl\":\"https:\\\/\\\/estime-et-sens.naracreative.com\\\/wp-content\\\/uploads\\\/baume-souverain-octobre-rose-2024-site.jpg\",\"datePublished\":\"2021-08-19T13:25:03+00:00\",\"dateModified\":\"2026-03-23T13:16:05+00:00\",\"description\":\"Le baume souverain en \u00e9dition limit\u00e9e s'habille d'un \u00e9l\u00e9gant motif floral dans un format nomade 50ml.\",\"breadcrumb\":{\"@id\":\"https:\\\/\\\/estime-et-sens.naracreative.com\\\/produit\\\/baume-souverain-edition-limitee-50ml\\\/#breadcrumb\"},\"inLanguage\":\"en-GB\",\"potentialAction\":[{\"@type\":\"ReadAction\",\"target\":[\"https:\\\/\\\/estime-et-sens.naracreative.com\\\/produit\\\/baume-souverain-edition-limitee-50ml\\\/\"]}]},{\"@type\":\"ImageObject\",\"inLanguage\":\"en-GB\",\"@id\":\"https:\\\/\\\/estime-et-sens.naracreative.com\\\/produit\\\/baume-souverain-edition-limitee-50ml\\\/#primaryimage\",\"url\":\"https:\\\/\\\/estime-et-sens.naracreative.com\\\/wp-content\\\/uploads\\\/baume-souverain-octobre-rose-2024-site.jpg\",\"contentUrl\":\"https:\\\/\\\/estime-et-sens.naracreative.com\\\/wp-content\\\/uploads\\\/baume-souverain-octobre-rose-2024-site.jpg\",\"width\":1080,\"height\":1080},{\"@type\":\"BreadcrumbList\",\"@id\":\"https:\\\/\\\/estime-et-sens.naracreative.com\\\/produit\\\/baume-souverain-edition-limitee-50ml\\\/#breadcrumb\",\"itemListElement\":[{\"@type\":\"ListItem\",\"position\":1,\"name\":\"Accueil\",\"item\":\"https:\\\/\\\/estime-et-sens.naracreative.com\\\/en\\\/\"},{\"@type\":\"ListItem\",\"position\":2,\"name\":\"Nos Produits\",\"item\":\"https:\\\/\\\/estime-et-sens.naracreative.com\\\/nos-produits\\\/\"},{\"@type\":\"ListItem\",\"position\":3,\"name\":\"SOVEREIGN BALM LIMITED EDITION\"}]},{\"@type\":\"WebSite\",\"@id\":\"https:\\\/\\\/estime-et-sens.naracreative.com\\\/en\\\/#website\",\"url\":\"https:\\\/\\\/estime-et-sens.naracreative.com\\\/en\\\/\",\"name\":\"Estime et sens\",\"description\":\"Cosmetiques BIO\",\"publisher\":{\"@id\":\"https:\\\/\\\/estime-et-sens.naracreative.com\\\/en\\\/#organization\"},\"potentialAction\":[{\"@type\":\"SearchAction\",\"target\":{\"@type\":\"EntryPoint\",\"urlTemplate\":\"https:\\\/\\\/estime-et-sens.naracreative.com\\\/en\\\/?s={search_term_string}\"},\"query-input\":{\"@type\":\"PropertyValueSpecification\",\"valueRequired\":true,\"valueName\":\"search_term_string\"}}],\"inLanguage\":\"en-GB\"},{\"@type\":\"Organization\",\"@id\":\"https:\\\/\\\/estime-et-sens.naracreative.com\\\/en\\\/#organization\",\"name\":\"Estime et Sens - Soins bio-experts fran\u00e7ais\",\"url\":\"https:\\\/\\\/estime-et-sens.naracreative.com\\\/en\\\/\",\"logo\":{\"@type\":\"ImageObject\",\"inLanguage\":\"en-GB\",\"@id\":\"https:\\\/\\\/estime-et-sens.naracreative.com\\\/en\\\/#\\\/schema\\\/logo\\\/image\\\/\",\"url\":\"https:\\\/\\\/estime-et-sens.naracreative.com\\\/wp-content\\\/uploads\\\/logo_Estime-et-sens.svg\",\"contentUrl\":\"https:\\\/\\\/estime-et-sens.naracreative.com\\\/wp-content\\\/uploads\\\/logo_Estime-et-sens.svg\",\"width\":211,\"height\":188,\"caption\":\"Estime et Sens - Soins bio-experts fran\u00e7ais\"},\"image\":{\"@id\":\"https:\\\/\\\/estime-et-sens.naracreative.com\\\/en\\\/#\\\/schema\\\/logo\\\/image\\\/\"}}]}<\/script>\n<!-- \/ Yoast SEO plugin. -->","yoast_head_json":{"title":"SOVEREIGN BALM LIMITED EDITION - Estime et sens","description":"Le baume souverain en \u00e9dition limit\u00e9e s'habille d'un \u00e9l\u00e9gant motif floral dans un format nomade 50ml.","robots":{"index":"noindex","follow":"follow","max-snippet":"max-snippet:-1","max-image-preview":"max-image-preview:large","max-video-preview":"max-video-preview:-1"},"og_locale":"en_GB","og_type":"article","og_title":"SOVEREIGN BALM LIMITED EDITION - Estime et sens","og_description":"Le baume souverain en \u00e9dition limit\u00e9e s'habille d'un \u00e9l\u00e9gant motif floral dans un format nomade 50ml.","og_url":"https:\/\/estime-et-sens.naracreative.com\/produit\/baume-souverain-edition-limitee-50ml\/","og_site_name":"Estime et sens","article_modified_time":"2026-03-23T13:16:05+00:00","og_image":[{"width":1080,"height":1080,"url":"https:\/\/estime-et-sens.naracreative.com\/wp-content\/uploads\/baume-souverain-octobre-rose-2024-site.jpg","type":"image\/jpeg"}],"twitter_card":"summary_large_image","twitter_misc":{"Estimated reading time":"1 minute"},"schema":{"@context":"https:\/\/schema.org","@graph":[{"@type":"WebPage","@id":"https:\/\/estime-et-sens.naracreative.com\/produit\/baume-souverain-edition-limitee-50ml\/","url":"https:\/\/estime-et-sens.naracreative.com\/produit\/baume-souverain-edition-limitee-50ml\/","name":"SOVEREIGN BALM LIMITED EDITION - Estime et sens","isPartOf":{"@id":"https:\/\/estime-et-sens.naracreative.com\/en\/#website"},"primaryImageOfPage":{"@id":"https:\/\/estime-et-sens.naracreative.com\/produit\/baume-souverain-edition-limitee-50ml\/#primaryimage"},"image":{"@id":"https:\/\/estime-et-sens.naracreative.com\/produit\/baume-souverain-edition-limitee-50ml\/#primaryimage"},"thumbnailUrl":"https:\/\/estime-et-sens.naracreative.com\/wp-content\/uploads\/baume-souverain-octobre-rose-2024-site.jpg","datePublished":"2021-08-19T13:25:03+00:00","dateModified":"2026-03-23T13:16:05+00:00","description":"Le baume souverain en \u00e9dition limit\u00e9e s'habille d'un \u00e9l\u00e9gant motif floral dans un format nomade 50ml.","breadcrumb":{"@id":"https:\/\/estime-et-sens.naracreative.com\/produit\/baume-souverain-edition-limitee-50ml\/#breadcrumb"},"inLanguage":"en-GB","potentialAction":[{"@type":"ReadAction","target":["https:\/\/estime-et-sens.naracreative.com\/produit\/baume-souverain-edition-limitee-50ml\/"]}]},{"@type":"ImageObject","inLanguage":"en-GB","@id":"https:\/\/estime-et-sens.naracreative.com\/produit\/baume-souverain-edition-limitee-50ml\/#primaryimage","url":"https:\/\/estime-et-sens.naracreative.com\/wp-content\/uploads\/baume-souverain-octobre-rose-2024-site.jpg","contentUrl":"https:\/\/estime-et-sens.naracreative.com\/wp-content\/uploads\/baume-souverain-octobre-rose-2024-site.jpg","width":1080,"height":1080},{"@type":"BreadcrumbList","@id":"https:\/\/estime-et-sens.naracreative.com\/produit\/baume-souverain-edition-limitee-50ml\/#breadcrumb","itemListElement":[{"@type":"ListItem","position":1,"name":"Accueil","item":"https:\/\/estime-et-sens.naracreative.com\/en\/"},{"@type":"ListItem","position":2,"name":"Nos Produits","item":"https:\/\/estime-et-sens.naracreative.com\/nos-produits\/"},{"@type":"ListItem","position":3,"name":"SOVEREIGN BALM LIMITED EDITION"}]},{"@type":"WebSite","@id":"https:\/\/estime-et-sens.naracreative.com\/en\/#website","url":"https:\/\/estime-et-sens.naracreative.com\/en\/","name":"Estime et sens","description":"Cosmetiques BIO","publisher":{"@id":"https:\/\/estime-et-sens.naracreative.com\/en\/#organization"},"potentialAction":[{"@type":"SearchAction","target":{"@type":"EntryPoint","urlTemplate":"https:\/\/estime-et-sens.naracreative.com\/en\/?s={search_term_string}"},"query-input":{"@type":"PropertyValueSpecification","valueRequired":true,"valueName":"search_term_string"}}],"inLanguage":"en-GB"},{"@type":"Organization","@id":"https:\/\/estime-et-sens.naracreative.com\/en\/#organization","name":"Estime et Sens - Soins bio-experts fran\u00e7ais","url":"https:\/\/estime-et-sens.naracreative.com\/en\/","logo":{"@type":"ImageObject","inLanguage":"en-GB","@id":"https:\/\/estime-et-sens.naracreative.com\/en\/#\/schema\/logo\/image\/","url":"https:\/\/estime-et-sens.naracreative.com\/wp-content\/uploads\/logo_Estime-et-sens.svg","contentUrl":"https:\/\/estime-et-sens.naracreative.com\/wp-content\/uploads\/logo_Estime-et-sens.svg","width":211,"height":188,"caption":"Estime et Sens - Soins bio-experts fran\u00e7ais"},"image":{"@id":"https:\/\/estime-et-sens.naracreative.com\/en\/#\/schema\/logo\/image\/"}}]}},"_links":{"self":[{"href":"https:\/\/estime-et-sens.naracreative.com\/en\/wp-json\/wp\/v2\/product\/43694","targetHints":{"allow":["GET"]}}],"collection":[{"href":"https:\/\/estime-et-sens.naracreative.com\/en\/wp-json\/wp\/v2\/product"}],"about":[{"href":"https:\/\/estime-et-sens.naracreative.com\/en\/wp-json\/wp\/v2\/types\/product"}],"replies":[{"embeddable":true,"href":"https:\/\/estime-et-sens.naracreative.com\/en\/wp-json\/wp\/v2\/comments?post=43694"}],"wp:featuredmedia":[{"embeddable":true,"href":"https:\/\/estime-et-sens.naracreative.com\/en\/wp-json\/wp\/v2\/media\/34537"}],"wp:attachment":[{"href":"https:\/\/estime-et-sens.naracreative.com\/en\/wp-json\/wp\/v2\/media?parent=43694"}],"wp:term":[{"taxonomy":"product_brand","embeddable":true,"href":"https:\/\/estime-et-sens.naracreative.com\/en\/wp-json\/wp\/v2\/product_brand?post=43694"},{"taxonomy":"product_cat","embeddable":true,"href":"https:\/\/estime-et-sens.naracreative.com\/en\/wp-json\/wp\/v2\/product_cat?post=43694"},{"taxonomy":"product_tag","embeddable":true,"href":"https:\/\/estime-et-sens.naracreative.com\/en\/wp-json\/wp\/v2\/product_tag?post=43694"}],"curies":[{"name":"wp","href":"https:\/\/api.w.org\/{rel}","templated":true}]}}