

{"id":43842,"date":"2022-02-07T09:58:48","date_gmt":"2022-02-07T14:58:48","guid":{"rendered":"https:\/\/estime-et-sens.naracreative.com\/?post_type=product&#038;p=43842"},"modified":"2026-03-20T11:03:56","modified_gmt":"2026-03-20T15:03:56","slug":"semainier-de-cotons-demaquillants-lavables","status":"publish","type":"product","link":"https:\/\/estime-et-sens.naracreative.com\/en\/produit\/semainier-de-cotons-demaquillants-lavables\/","title":{"rendered":"SEMAINIER DE COTONS D\u00c9MAQUILLANTS LAVABLES"},"content":{"rendered":"","protected":false},"excerpt":{"rendered":"<p><strong>Les cotons d\u00e9maquillants BIO<\/strong><br \/>\n<span style=\"font-weight: 400;\">Pour un d\u00e9maquillage z\u00e9ro d\u00e9chet et plus respectueux de la plan\u00e8te, mais \u00e9galement plus respectueux de la zone fragile du contour de l\u2019oeil.<\/span> 2 faces, 2 utilisations :<br \/>\n1<span style=\"font-weight: 400;\"> face en \u00e9ponge de coton bio pour un d\u00e9maquillage efficace<br \/>\n1 <\/span><span style=\"font-weight: 400;\">\u00a0face en velours de coton bio pour appliquer votre lotion avec beaucoup de douceur !\u00a0<\/span><\/p>\n<p>Pochon en gaze de coton bio de 7 cotons lavables<\/p>\n","protected":false},"featured_media":30636,"comment_status":"open","ping_status":"closed","template":"","meta":{"_acf_changed":false},"product_brand":[],"product_cat":[157,156],"product_tag":[],"class_list":{"0":"post-43842","1":"product","2":"type-product","3":"status-publish","4":"has-post-thumbnail","6":"product_cat-cleansers-make-up-removers","7":"product_cat-face","8":"cat-gamme-fresh-beauty","10":"first","11":"outofstock","12":"taxable","13":"shipping-taxable","14":"purchasable","15":"product-type-simple"},"acf":[],"yoast_head":"<!-- This site is optimized with the Yoast SEO plugin v27.4 - https:\/\/yoast.com\/product\/yoast-seo-wordpress\/ -->\n<title>SEMAINIER DE COTONS D\u00c9MAQUILLANTS LAVABLES - Estime et sens<\/title>\n<meta name=\"description\" content=\"Votre nouvelle routine d\u00e9maquillage avec les cotons d\u00e9maquillants lavables certifi\u00e9s GOTS. \u00c9co-responsable et z\u00e9ro d\u00e9chet !\" \/>\n<meta name=\"robots\" content=\"noindex, follow, max-snippet:-1, max-image-preview:large, max-video-preview:-1\" \/>\n<meta property=\"og:locale\" content=\"en_GB\" \/>\n<meta property=\"og:type\" content=\"article\" \/>\n<meta property=\"og:title\" content=\"SEMAINIER DE COTONS D\u00c9MAQUILLANTS LAVABLES - Estime et sens\" \/>\n<meta property=\"og:description\" content=\"Votre nouvelle routine d\u00e9maquillage avec les cotons d\u00e9maquillants lavables certifi\u00e9s GOTS. \u00c9co-responsable et z\u00e9ro d\u00e9chet !\" \/>\n<meta property=\"og:url\" content=\"https:\/\/estime-et-sens.naracreative.com\/?post_type=product&amp;p=15450\" \/>\n<meta property=\"og:site_name\" content=\"Estime et sens\" \/>\n<meta property=\"article:modified_time\" content=\"2026-03-20T15:03:56+00:00\" \/>\n<meta property=\"og:image\" content=\"https:\/\/estime-et-sens.naracreative.com\/wp-content\/uploads\/Semainier-cotons-demaquillants-avec-pochon-1024x546.png\" \/>\n\t<meta property=\"og:image:width\" content=\"1024\" \/>\n\t<meta property=\"og:image:height\" content=\"546\" \/>\n\t<meta property=\"og:image:type\" content=\"image\/png\" \/>\n<meta name=\"twitter:card\" content=\"summary_large_image\" \/>\n<meta name=\"twitter:label1\" content=\"Estimated reading time\" \/>\n\t<meta name=\"twitter:data1\" content=\"1 minute\" \/>\n<script type=\"application\/ld+json\" class=\"yoast-schema-graph\">{\"@context\":\"https:\\\/\\\/schema.org\",\"@graph\":[{\"@type\":\"WebPage\",\"@id\":\"https:\\\/\\\/estime-et-sens.naracreative.com\\\/?post_type=product&p=15450\",\"url\":\"https:\\\/\\\/estime-et-sens.naracreative.com\\\/?post_type=product&p=15450\",\"name\":\"SEMAINIER DE COTONS D\u00c9MAQUILLANTS LAVABLES - Estime et sens\",\"isPartOf\":{\"@id\":\"https:\\\/\\\/estime-et-sens.naracreative.com\\\/en\\\/#website\"},\"primaryImageOfPage\":{\"@id\":\"https:\\\/\\\/estime-et-sens.naracreative.com\\\/?post_type=product&p=15450#primaryimage\"},\"image\":{\"@id\":\"https:\\\/\\\/estime-et-sens.naracreative.com\\\/?post_type=product&p=15450#primaryimage\"},\"thumbnailUrl\":\"https:\\\/\\\/estime-et-sens.naracreative.com\\\/wp-content\\\/uploads\\\/Semainier-cotons-demaquillants-avec-pochon.png\",\"datePublished\":\"2022-02-07T14:58:48+00:00\",\"dateModified\":\"2026-03-20T15:03:56+00:00\",\"description\":\"Votre nouvelle routine d\u00e9maquillage avec les cotons d\u00e9maquillants lavables certifi\u00e9s GOTS. \u00c9co-responsable et z\u00e9ro d\u00e9chet !\",\"breadcrumb\":{\"@id\":\"https:\\\/\\\/estime-et-sens.naracreative.com\\\/?post_type=product&p=15450#breadcrumb\"},\"inLanguage\":\"en-GB\",\"potentialAction\":[{\"@type\":\"ReadAction\",\"target\":[\"https:\\\/\\\/estime-et-sens.naracreative.com\\\/?post_type=product&p=15450\"]}]},{\"@type\":\"ImageObject\",\"inLanguage\":\"en-GB\",\"@id\":\"https:\\\/\\\/estime-et-sens.naracreative.com\\\/?post_type=product&p=15450#primaryimage\",\"url\":\"https:\\\/\\\/estime-et-sens.naracreative.com\\\/wp-content\\\/uploads\\\/Semainier-cotons-demaquillants-avec-pochon.png\",\"contentUrl\":\"https:\\\/\\\/estime-et-sens.naracreative.com\\\/wp-content\\\/uploads\\\/Semainier-cotons-demaquillants-avec-pochon.png\",\"width\":4104,\"height\":2190},{\"@type\":\"BreadcrumbList\",\"@id\":\"https:\\\/\\\/estime-et-sens.naracreative.com\\\/?post_type=product&p=15450#breadcrumb\",\"itemListElement\":[{\"@type\":\"ListItem\",\"position\":1,\"name\":\"Accueil\",\"item\":\"https:\\\/\\\/estime-et-sens.naracreative.com\\\/en\\\/\"},{\"@type\":\"ListItem\",\"position\":2,\"name\":\"Nos Produits\",\"item\":\"https:\\\/\\\/estime-et-sens.naracreative.com\\\/nos-produits\\\/\"},{\"@type\":\"ListItem\",\"position\":3,\"name\":\"SEMAINIER DE COTONS D\u00c9MAQUILLANTS LAVABLES\"}]},{\"@type\":\"WebSite\",\"@id\":\"https:\\\/\\\/estime-et-sens.naracreative.com\\\/en\\\/#website\",\"url\":\"https:\\\/\\\/estime-et-sens.naracreative.com\\\/en\\\/\",\"name\":\"Estime et sens\",\"description\":\"Cosmetiques BIO\",\"publisher\":{\"@id\":\"https:\\\/\\\/estime-et-sens.naracreative.com\\\/en\\\/#organization\"},\"potentialAction\":[{\"@type\":\"SearchAction\",\"target\":{\"@type\":\"EntryPoint\",\"urlTemplate\":\"https:\\\/\\\/estime-et-sens.naracreative.com\\\/en\\\/?s={search_term_string}\"},\"query-input\":{\"@type\":\"PropertyValueSpecification\",\"valueRequired\":true,\"valueName\":\"search_term_string\"}}],\"inLanguage\":\"en-GB\"},{\"@type\":\"Organization\",\"@id\":\"https:\\\/\\\/estime-et-sens.naracreative.com\\\/en\\\/#organization\",\"name\":\"Estime et Sens - Soins bio-experts fran\u00e7ais\",\"url\":\"https:\\\/\\\/estime-et-sens.naracreative.com\\\/en\\\/\",\"logo\":{\"@type\":\"ImageObject\",\"inLanguage\":\"en-GB\",\"@id\":\"https:\\\/\\\/estime-et-sens.naracreative.com\\\/en\\\/#\\\/schema\\\/logo\\\/image\\\/\",\"url\":\"https:\\\/\\\/estime-et-sens.naracreative.com\\\/wp-content\\\/uploads\\\/logo_Estime-et-sens.svg\",\"contentUrl\":\"https:\\\/\\\/estime-et-sens.naracreative.com\\\/wp-content\\\/uploads\\\/logo_Estime-et-sens.svg\",\"width\":211,\"height\":188,\"caption\":\"Estime et Sens - Soins bio-experts fran\u00e7ais\"},\"image\":{\"@id\":\"https:\\\/\\\/estime-et-sens.naracreative.com\\\/en\\\/#\\\/schema\\\/logo\\\/image\\\/\"}}]}<\/script>\n<!-- \/ Yoast SEO plugin. -->","yoast_head_json":{"title":"SEMAINIER DE COTONS D\u00c9MAQUILLANTS LAVABLES - Estime et sens","description":"Votre nouvelle routine d\u00e9maquillage avec les cotons d\u00e9maquillants lavables certifi\u00e9s GOTS. \u00c9co-responsable et z\u00e9ro d\u00e9chet !","robots":{"index":"noindex","follow":"follow","max-snippet":"max-snippet:-1","max-image-preview":"max-image-preview:large","max-video-preview":"max-video-preview:-1"},"og_locale":"en_GB","og_type":"article","og_title":"SEMAINIER DE COTONS D\u00c9MAQUILLANTS LAVABLES - Estime et sens","og_description":"Votre nouvelle routine d\u00e9maquillage avec les cotons d\u00e9maquillants lavables certifi\u00e9s GOTS. \u00c9co-responsable et z\u00e9ro d\u00e9chet !","og_url":"https:\/\/estime-et-sens.naracreative.com\/?post_type=product&p=15450","og_site_name":"Estime et sens","article_modified_time":"2026-03-20T15:03:56+00:00","og_image":[{"width":1024,"height":546,"url":"https:\/\/estime-et-sens.naracreative.com\/wp-content\/uploads\/Semainier-cotons-demaquillants-avec-pochon-1024x546.png","type":"image\/png"}],"twitter_card":"summary_large_image","twitter_misc":{"Estimated reading time":"1 minute"},"schema":{"@context":"https:\/\/schema.org","@graph":[{"@type":"WebPage","@id":"https:\/\/estime-et-sens.naracreative.com\/?post_type=product&p=15450","url":"https:\/\/estime-et-sens.naracreative.com\/?post_type=product&p=15450","name":"SEMAINIER DE COTONS D\u00c9MAQUILLANTS LAVABLES - Estime et sens","isPartOf":{"@id":"https:\/\/estime-et-sens.naracreative.com\/en\/#website"},"primaryImageOfPage":{"@id":"https:\/\/estime-et-sens.naracreative.com\/?post_type=product&p=15450#primaryimage"},"image":{"@id":"https:\/\/estime-et-sens.naracreative.com\/?post_type=product&p=15450#primaryimage"},"thumbnailUrl":"https:\/\/estime-et-sens.naracreative.com\/wp-content\/uploads\/Semainier-cotons-demaquillants-avec-pochon.png","datePublished":"2022-02-07T14:58:48+00:00","dateModified":"2026-03-20T15:03:56+00:00","description":"Votre nouvelle routine d\u00e9maquillage avec les cotons d\u00e9maquillants lavables certifi\u00e9s GOTS. \u00c9co-responsable et z\u00e9ro d\u00e9chet !","breadcrumb":{"@id":"https:\/\/estime-et-sens.naracreative.com\/?post_type=product&p=15450#breadcrumb"},"inLanguage":"en-GB","potentialAction":[{"@type":"ReadAction","target":["https:\/\/estime-et-sens.naracreative.com\/?post_type=product&p=15450"]}]},{"@type":"ImageObject","inLanguage":"en-GB","@id":"https:\/\/estime-et-sens.naracreative.com\/?post_type=product&p=15450#primaryimage","url":"https:\/\/estime-et-sens.naracreative.com\/wp-content\/uploads\/Semainier-cotons-demaquillants-avec-pochon.png","contentUrl":"https:\/\/estime-et-sens.naracreative.com\/wp-content\/uploads\/Semainier-cotons-demaquillants-avec-pochon.png","width":4104,"height":2190},{"@type":"BreadcrumbList","@id":"https:\/\/estime-et-sens.naracreative.com\/?post_type=product&p=15450#breadcrumb","itemListElement":[{"@type":"ListItem","position":1,"name":"Accueil","item":"https:\/\/estime-et-sens.naracreative.com\/en\/"},{"@type":"ListItem","position":2,"name":"Nos Produits","item":"https:\/\/estime-et-sens.naracreative.com\/nos-produits\/"},{"@type":"ListItem","position":3,"name":"SEMAINIER DE COTONS D\u00c9MAQUILLANTS LAVABLES"}]},{"@type":"WebSite","@id":"https:\/\/estime-et-sens.naracreative.com\/en\/#website","url":"https:\/\/estime-et-sens.naracreative.com\/en\/","name":"Estime et sens","description":"Cosmetiques BIO","publisher":{"@id":"https:\/\/estime-et-sens.naracreative.com\/en\/#organization"},"potentialAction":[{"@type":"SearchAction","target":{"@type":"EntryPoint","urlTemplate":"https:\/\/estime-et-sens.naracreative.com\/en\/?s={search_term_string}"},"query-input":{"@type":"PropertyValueSpecification","valueRequired":true,"valueName":"search_term_string"}}],"inLanguage":"en-GB"},{"@type":"Organization","@id":"https:\/\/estime-et-sens.naracreative.com\/en\/#organization","name":"Estime et Sens - Soins bio-experts fran\u00e7ais","url":"https:\/\/estime-et-sens.naracreative.com\/en\/","logo":{"@type":"ImageObject","inLanguage":"en-GB","@id":"https:\/\/estime-et-sens.naracreative.com\/en\/#\/schema\/logo\/image\/","url":"https:\/\/estime-et-sens.naracreative.com\/wp-content\/uploads\/logo_Estime-et-sens.svg","contentUrl":"https:\/\/estime-et-sens.naracreative.com\/wp-content\/uploads\/logo_Estime-et-sens.svg","width":211,"height":188,"caption":"Estime et Sens - Soins bio-experts fran\u00e7ais"},"image":{"@id":"https:\/\/estime-et-sens.naracreative.com\/en\/#\/schema\/logo\/image\/"}}]}},"_links":{"self":[{"href":"https:\/\/estime-et-sens.naracreative.com\/en\/wp-json\/wp\/v2\/product\/43842","targetHints":{"allow":["GET"]}}],"collection":[{"href":"https:\/\/estime-et-sens.naracreative.com\/en\/wp-json\/wp\/v2\/product"}],"about":[{"href":"https:\/\/estime-et-sens.naracreative.com\/en\/wp-json\/wp\/v2\/types\/product"}],"replies":[{"embeddable":true,"href":"https:\/\/estime-et-sens.naracreative.com\/en\/wp-json\/wp\/v2\/comments?post=43842"}],"wp:featuredmedia":[{"embeddable":true,"href":"https:\/\/estime-et-sens.naracreative.com\/en\/wp-json\/wp\/v2\/media\/30636"}],"wp:attachment":[{"href":"https:\/\/estime-et-sens.naracreative.com\/en\/wp-json\/wp\/v2\/media?parent=43842"}],"wp:term":[{"taxonomy":"product_brand","embeddable":true,"href":"https:\/\/estime-et-sens.naracreative.com\/en\/wp-json\/wp\/v2\/product_brand?post=43842"},{"taxonomy":"product_cat","embeddable":true,"href":"https:\/\/estime-et-sens.naracreative.com\/en\/wp-json\/wp\/v2\/product_cat?post=43842"},{"taxonomy":"product_tag","embeddable":true,"href":"https:\/\/estime-et-sens.naracreative.com\/en\/wp-json\/wp\/v2\/product_tag?post=43842"}],"curies":[{"name":"wp","href":"https:\/\/api.w.org\/{rel}","templated":true}]}}