

{"id":43867,"date":"2022-01-12T09:18:32","date_gmt":"2022-01-12T14:18:32","guid":{"rendered":"https:\/\/estime-et-sens.naracreative.com\/?post_type=product&#038;p=43867"},"modified":"2026-03-23T04:42:36","modified_gmt":"2026-03-23T08:42:36","slug":"duo-geants-tendre-demaquillant","status":"publish","type":"product","link":"https:\/\/estime-et-sens.naracreative.com\/en\/produit\/duo-geants-tendre-demaquillant\/","title":{"rendered":"DUO G\u00c9ANT TENDRE D\u00c9MAQUILLANT"},"content":{"rendered":"","protected":false},"excerpt":{"rendered":"<p><strong>\u00c9DITION LIMIT\u00c9E &#8211; 39\u20ac les 2&#215;400 ml <\/strong>au lieu<strong> de 36\u20ac les 2&#215;200 ml\u00a0<\/strong><br \/>\nLe duo performant et bio pour une qualit\u00e9 de peau incomparable.<\/p>\n<p><strong>Pourquoi sont-ils indissociables ?<\/strong><\/p>\n<p>1 &#8211; Gr\u00e2ce aux huiles qu&#8217;il comporte, le <a href=\"https:\/\/estime-et-sens.naracreative.com\/en\/produit\/soft-cleansing-milk\/\">lait tendre d\u00e9maquillant<\/a> \u00e9limine toutes traces de maquillage, de s\u00e9bum ou de pollution. \u00a0Sa texture ultra-l\u00e9g\u00e8re se rince facilement \u00e0 l&#8217;eau et laisse une peau confortable et fra\u00eeche !<br \/>\n2 &#8211; Afin de d\u00e9barrasser votre peau de tout r\u00e9sidus gras, la <a href=\"https:\/\/estime-et-sens.naracreative.com\/en\/produit\/tender-lotion\/\">lotion tendre<\/a> parfait votre d\u00e9maquillage et une l\u00e9g\u00e8re fragrance tilleul parfume votre peau. Elle apporte \u00e9clat, purifie et vitalise.<\/p>\n","protected":false},"featured_media":15137,"comment_status":"open","ping_status":"closed","template":"","meta":{"_acf_changed":false},"product_brand":[],"product_cat":[156,157],"product_tag":[],"class_list":{"0":"post-43867","1":"product","2":"type-product","3":"status-publish","4":"has-post-thumbnail","6":"product_cat-face","7":"product_cat-cleansers-make-up-removers","8":"cat-gamme-fresh-beauty","9":"cat-certification-eco-cert","10":"cat-certification-cosmos-en","11":"product-cat-preoccupation-dehydration","12":"product-cat-preoccupation-fatigue-radiance-energy","14":"first","15":"instock","16":"taxable","17":"shipping-taxable","18":"purchasable","19":"product-type-simple"},"acf":[],"yoast_head":"<!-- This site is optimized with the Yoast SEO plugin v27.4 - https:\/\/yoast.com\/product\/yoast-seo-wordpress\/ -->\n<title>DUO G\u00c9ANT TENDRE D\u00c9MAQUILLANT - Estime et sens<\/title>\n<meta name=\"description\" content=\"\u00c9DITION LIMIT\u00c9E - le duo d\u00e9maquillant performant et bio pour une qualit\u00e9 de peau incomparable !\" \/>\n<meta name=\"robots\" content=\"noindex, follow, max-snippet:-1, max-image-preview:large, max-video-preview:-1\" \/>\n<meta property=\"og:locale\" content=\"en_GB\" \/>\n<meta property=\"og:type\" content=\"article\" \/>\n<meta property=\"og:title\" content=\"DUO G\u00c9ANT TENDRE D\u00c9MAQUILLANT - Estime et sens\" \/>\n<meta property=\"og:description\" content=\"\u00c9DITION LIMIT\u00c9E - le duo d\u00e9maquillant performant et bio pour une qualit\u00e9 de peau incomparable !\" \/>\n<meta property=\"og:url\" content=\"https:\/\/estime-et-sens.naracreative.com\/?post_type=product&amp;p=15133\" \/>\n<meta property=\"og:site_name\" content=\"Estime et sens\" \/>\n<meta property=\"article:modified_time\" content=\"2026-03-23T08:42:36+00:00\" \/>\n<meta property=\"og:image\" content=\"https:\/\/estime-et-sens.naracreative.com\/wp-content\/uploads\/visuel-1-fiche-pdt.jpg\" \/>\n\t<meta property=\"og:image:width\" content=\"1200\" \/>\n\t<meta property=\"og:image:height\" content=\"900\" \/>\n\t<meta property=\"og:image:type\" content=\"image\/jpeg\" \/>\n<meta name=\"twitter:card\" content=\"summary_large_image\" \/>\n<meta name=\"twitter:label1\" content=\"Estimated reading time\" \/>\n\t<meta name=\"twitter:data1\" content=\"1 minute\" \/>\n<script type=\"application\/ld+json\" class=\"yoast-schema-graph\">{\"@context\":\"https:\\\/\\\/schema.org\",\"@graph\":[{\"@type\":\"WebPage\",\"@id\":\"https:\\\/\\\/estime-et-sens.naracreative.com\\\/?post_type=product&p=15133\",\"url\":\"https:\\\/\\\/estime-et-sens.naracreative.com\\\/?post_type=product&p=15133\",\"name\":\"DUO G\u00c9ANT TENDRE D\u00c9MAQUILLANT - Estime et sens\",\"isPartOf\":{\"@id\":\"https:\\\/\\\/estime-et-sens.naracreative.com\\\/en\\\/#website\"},\"primaryImageOfPage\":{\"@id\":\"https:\\\/\\\/estime-et-sens.naracreative.com\\\/?post_type=product&p=15133#primaryimage\"},\"image\":{\"@id\":\"https:\\\/\\\/estime-et-sens.naracreative.com\\\/?post_type=product&p=15133#primaryimage\"},\"thumbnailUrl\":\"https:\\\/\\\/estime-et-sens.naracreative.com\\\/wp-content\\\/uploads\\\/visuel-1-fiche-pdt.jpg\",\"datePublished\":\"2022-01-12T14:18:32+00:00\",\"dateModified\":\"2026-03-23T08:42:36+00:00\",\"description\":\"\u00c9DITION LIMIT\u00c9E - le duo d\u00e9maquillant performant et bio pour une qualit\u00e9 de peau incomparable !\",\"breadcrumb\":{\"@id\":\"https:\\\/\\\/estime-et-sens.naracreative.com\\\/?post_type=product&p=15133#breadcrumb\"},\"inLanguage\":\"en-GB\",\"potentialAction\":[{\"@type\":\"ReadAction\",\"target\":[\"https:\\\/\\\/estime-et-sens.naracreative.com\\\/?post_type=product&p=15133\"]}]},{\"@type\":\"ImageObject\",\"inLanguage\":\"en-GB\",\"@id\":\"https:\\\/\\\/estime-et-sens.naracreative.com\\\/?post_type=product&p=15133#primaryimage\",\"url\":\"https:\\\/\\\/estime-et-sens.naracreative.com\\\/wp-content\\\/uploads\\\/visuel-1-fiche-pdt.jpg\",\"contentUrl\":\"https:\\\/\\\/estime-et-sens.naracreative.com\\\/wp-content\\\/uploads\\\/visuel-1-fiche-pdt.jpg\",\"width\":1200,\"height\":900,\"caption\":\"estime et sens duo lait tendre d\u00e9maquillant et lotion tendre\"},{\"@type\":\"BreadcrumbList\",\"@id\":\"https:\\\/\\\/estime-et-sens.naracreative.com\\\/?post_type=product&p=15133#breadcrumb\",\"itemListElement\":[{\"@type\":\"ListItem\",\"position\":1,\"name\":\"Accueil\",\"item\":\"https:\\\/\\\/estime-et-sens.naracreative.com\\\/en\\\/\"},{\"@type\":\"ListItem\",\"position\":2,\"name\":\"Nos Produits\",\"item\":\"https:\\\/\\\/estime-et-sens.naracreative.com\\\/nos-produits\\\/\"},{\"@type\":\"ListItem\",\"position\":3,\"name\":\"DUO G\u00c9ANT TENDRE D\u00c9MAQUILLANT\"}]},{\"@type\":\"WebSite\",\"@id\":\"https:\\\/\\\/estime-et-sens.naracreative.com\\\/en\\\/#website\",\"url\":\"https:\\\/\\\/estime-et-sens.naracreative.com\\\/en\\\/\",\"name\":\"Estime et sens\",\"description\":\"Cosmetiques BIO\",\"publisher\":{\"@id\":\"https:\\\/\\\/estime-et-sens.naracreative.com\\\/en\\\/#organization\"},\"potentialAction\":[{\"@type\":\"SearchAction\",\"target\":{\"@type\":\"EntryPoint\",\"urlTemplate\":\"https:\\\/\\\/estime-et-sens.naracreative.com\\\/en\\\/?s={search_term_string}\"},\"query-input\":{\"@type\":\"PropertyValueSpecification\",\"valueRequired\":true,\"valueName\":\"search_term_string\"}}],\"inLanguage\":\"en-GB\"},{\"@type\":\"Organization\",\"@id\":\"https:\\\/\\\/estime-et-sens.naracreative.com\\\/en\\\/#organization\",\"name\":\"Estime et Sens - Soins bio-experts fran\u00e7ais\",\"url\":\"https:\\\/\\\/estime-et-sens.naracreative.com\\\/en\\\/\",\"logo\":{\"@type\":\"ImageObject\",\"inLanguage\":\"en-GB\",\"@id\":\"https:\\\/\\\/estime-et-sens.naracreative.com\\\/en\\\/#\\\/schema\\\/logo\\\/image\\\/\",\"url\":\"https:\\\/\\\/estime-et-sens.naracreative.com\\\/wp-content\\\/uploads\\\/logo_Estime-et-sens.svg\",\"contentUrl\":\"https:\\\/\\\/estime-et-sens.naracreative.com\\\/wp-content\\\/uploads\\\/logo_Estime-et-sens.svg\",\"width\":211,\"height\":188,\"caption\":\"Estime et Sens - Soins bio-experts fran\u00e7ais\"},\"image\":{\"@id\":\"https:\\\/\\\/estime-et-sens.naracreative.com\\\/en\\\/#\\\/schema\\\/logo\\\/image\\\/\"}}]}<\/script>\n<!-- \/ Yoast SEO plugin. -->","yoast_head_json":{"title":"DUO G\u00c9ANT TENDRE D\u00c9MAQUILLANT - Estime et sens","description":"\u00c9DITION LIMIT\u00c9E - le duo d\u00e9maquillant performant et bio pour une qualit\u00e9 de peau incomparable !","robots":{"index":"noindex","follow":"follow","max-snippet":"max-snippet:-1","max-image-preview":"max-image-preview:large","max-video-preview":"max-video-preview:-1"},"og_locale":"en_GB","og_type":"article","og_title":"DUO G\u00c9ANT TENDRE D\u00c9MAQUILLANT - Estime et sens","og_description":"\u00c9DITION LIMIT\u00c9E - le duo d\u00e9maquillant performant et bio pour une qualit\u00e9 de peau incomparable !","og_url":"https:\/\/estime-et-sens.naracreative.com\/?post_type=product&p=15133","og_site_name":"Estime et sens","article_modified_time":"2026-03-23T08:42:36+00:00","og_image":[{"width":1200,"height":900,"url":"https:\/\/estime-et-sens.naracreative.com\/wp-content\/uploads\/visuel-1-fiche-pdt.jpg","type":"image\/jpeg"}],"twitter_card":"summary_large_image","twitter_misc":{"Estimated reading time":"1 minute"},"schema":{"@context":"https:\/\/schema.org","@graph":[{"@type":"WebPage","@id":"https:\/\/estime-et-sens.naracreative.com\/?post_type=product&p=15133","url":"https:\/\/estime-et-sens.naracreative.com\/?post_type=product&p=15133","name":"DUO G\u00c9ANT TENDRE D\u00c9MAQUILLANT - Estime et sens","isPartOf":{"@id":"https:\/\/estime-et-sens.naracreative.com\/en\/#website"},"primaryImageOfPage":{"@id":"https:\/\/estime-et-sens.naracreative.com\/?post_type=product&p=15133#primaryimage"},"image":{"@id":"https:\/\/estime-et-sens.naracreative.com\/?post_type=product&p=15133#primaryimage"},"thumbnailUrl":"https:\/\/estime-et-sens.naracreative.com\/wp-content\/uploads\/visuel-1-fiche-pdt.jpg","datePublished":"2022-01-12T14:18:32+00:00","dateModified":"2026-03-23T08:42:36+00:00","description":"\u00c9DITION LIMIT\u00c9E - le duo d\u00e9maquillant performant et bio pour une qualit\u00e9 de peau incomparable !","breadcrumb":{"@id":"https:\/\/estime-et-sens.naracreative.com\/?post_type=product&p=15133#breadcrumb"},"inLanguage":"en-GB","potentialAction":[{"@type":"ReadAction","target":["https:\/\/estime-et-sens.naracreative.com\/?post_type=product&p=15133"]}]},{"@type":"ImageObject","inLanguage":"en-GB","@id":"https:\/\/estime-et-sens.naracreative.com\/?post_type=product&p=15133#primaryimage","url":"https:\/\/estime-et-sens.naracreative.com\/wp-content\/uploads\/visuel-1-fiche-pdt.jpg","contentUrl":"https:\/\/estime-et-sens.naracreative.com\/wp-content\/uploads\/visuel-1-fiche-pdt.jpg","width":1200,"height":900,"caption":"estime et sens duo lait tendre d\u00e9maquillant et lotion tendre"},{"@type":"BreadcrumbList","@id":"https:\/\/estime-et-sens.naracreative.com\/?post_type=product&p=15133#breadcrumb","itemListElement":[{"@type":"ListItem","position":1,"name":"Accueil","item":"https:\/\/estime-et-sens.naracreative.com\/en\/"},{"@type":"ListItem","position":2,"name":"Nos Produits","item":"https:\/\/estime-et-sens.naracreative.com\/nos-produits\/"},{"@type":"ListItem","position":3,"name":"DUO G\u00c9ANT TENDRE D\u00c9MAQUILLANT"}]},{"@type":"WebSite","@id":"https:\/\/estime-et-sens.naracreative.com\/en\/#website","url":"https:\/\/estime-et-sens.naracreative.com\/en\/","name":"Estime et sens","description":"Cosmetiques BIO","publisher":{"@id":"https:\/\/estime-et-sens.naracreative.com\/en\/#organization"},"potentialAction":[{"@type":"SearchAction","target":{"@type":"EntryPoint","urlTemplate":"https:\/\/estime-et-sens.naracreative.com\/en\/?s={search_term_string}"},"query-input":{"@type":"PropertyValueSpecification","valueRequired":true,"valueName":"search_term_string"}}],"inLanguage":"en-GB"},{"@type":"Organization","@id":"https:\/\/estime-et-sens.naracreative.com\/en\/#organization","name":"Estime et Sens - Soins bio-experts fran\u00e7ais","url":"https:\/\/estime-et-sens.naracreative.com\/en\/","logo":{"@type":"ImageObject","inLanguage":"en-GB","@id":"https:\/\/estime-et-sens.naracreative.com\/en\/#\/schema\/logo\/image\/","url":"https:\/\/estime-et-sens.naracreative.com\/wp-content\/uploads\/logo_Estime-et-sens.svg","contentUrl":"https:\/\/estime-et-sens.naracreative.com\/wp-content\/uploads\/logo_Estime-et-sens.svg","width":211,"height":188,"caption":"Estime et Sens - Soins bio-experts fran\u00e7ais"},"image":{"@id":"https:\/\/estime-et-sens.naracreative.com\/en\/#\/schema\/logo\/image\/"}}]}},"_links":{"self":[{"href":"https:\/\/estime-et-sens.naracreative.com\/en\/wp-json\/wp\/v2\/product\/43867","targetHints":{"allow":["GET"]}}],"collection":[{"href":"https:\/\/estime-et-sens.naracreative.com\/en\/wp-json\/wp\/v2\/product"}],"about":[{"href":"https:\/\/estime-et-sens.naracreative.com\/en\/wp-json\/wp\/v2\/types\/product"}],"replies":[{"embeddable":true,"href":"https:\/\/estime-et-sens.naracreative.com\/en\/wp-json\/wp\/v2\/comments?post=43867"}],"wp:featuredmedia":[{"embeddable":true,"href":"https:\/\/estime-et-sens.naracreative.com\/en\/wp-json\/wp\/v2\/media\/15137"}],"wp:attachment":[{"href":"https:\/\/estime-et-sens.naracreative.com\/en\/wp-json\/wp\/v2\/media?parent=43867"}],"wp:term":[{"taxonomy":"product_brand","embeddable":true,"href":"https:\/\/estime-et-sens.naracreative.com\/en\/wp-json\/wp\/v2\/product_brand?post=43867"},{"taxonomy":"product_cat","embeddable":true,"href":"https:\/\/estime-et-sens.naracreative.com\/en\/wp-json\/wp\/v2\/product_cat?post=43867"},{"taxonomy":"product_tag","embeddable":true,"href":"https:\/\/estime-et-sens.naracreative.com\/en\/wp-json\/wp\/v2\/product_tag?post=43867"}],"curies":[{"name":"wp","href":"https:\/\/api.w.org\/{rel}","templated":true}]}}